{"id":48134,"date":"2024-01-09T14:54:43","date_gmt":"2024-01-09T11:54:43","guid":{"rendered":"https:\/\/www.simgeasansor.com.tr\/ankanitro\/?page_id=48134"},"modified":"2024-03-14T10:08:36","modified_gmt":"2024-03-14T07:08:36","slug":"kurumsal","status":"publish","type":"page","link":"https:\/\/www.ankanitro.com.tr\/index.php\/kurumsal\/","title":{"rendered":"Kurumsal"},"content":{"rendered":"\t\t<div data-elementor-type=\"wp-page\" data-elementor-id=\"48134\" class=\"elementor elementor-48134\" data-elementor-post-type=\"page\">\n\t\t\t\t\t\t\t\t\t<section class=\"elementor-section elementor-top-section elementor-element elementor-element-de5cf44 elementor-section-stretched elementor-section-boxed elementor-section-height-default elementor-section-height-default tm-col-stretched-none tm-bg-color-over-image\" data-id=\"de5cf44\" data-element_type=\"section\" data-settings=\"{&quot;stretch_section&quot;:&quot;section-stretched&quot;,&quot;background_background&quot;:&quot;classic&quot;}\">\n\t\t\t\t\t\t\t<div class=\"elementor-background-overlay\"><\/div>\n\t\t\t\t\t\t\t<div class=\"elementor-container elementor-column-gap-extended\">\n\t\t\t\t\t<div class=\"elementor-column elementor-col-33 elementor-top-column elementor-element elementor-element-0307633 tm-bg-color-over-image\" data-id=\"0307633\" data-element_type=\"column\">\n\t\t\t<div class=\"elementor-widget-wrap elementor-element-populated\">\n\t\t\t\t\t\t\t\t<div class=\"elementor-element elementor-element-bc43c8c elementor-widget__width-initial elementor-absolute elementor-hidden-tablet elementor-hidden-mobile elementor-widget elementor-widget-tm-ele-funfact-counter\" data-id=\"bc43c8c\" data-element_type=\"widget\" data-settings=\"{&quot;_position&quot;:&quot;absolute&quot;}\" data-widget_type=\"tm-ele-funfact-counter.default\">\n\t\t\t\t<div class=\"elementor-widget-container\">\n\t\t\t<div class=\"tm-sc-funfact funfact-default  tm-animate-icon-on-hover animate-icon-rotate-y\">\r\n  <div class=\"funfact-inner\">\r\n    \r\n                  <h5 class=\"counter \">\r\n\t<span class=\"animate-number\" data-value=\"20\" data-animation-duration=\"1500\">0<\/span><\/h5>\r\n      \r\n              <div class=\"title-wrapper\">\r\n\r\n<h5 class=\"title \">Y\u0131ll\u0131k Tecr\u00fcbe<\/h5>\r\n<\/div>          \r\n      <\/div>\r\n<\/div>\t\t<\/div>\n\t\t\t\t<\/div>\n\t\t\t\t<div class=\"elementor-element elementor-element-515905d elementor-widget__width-auto elementor-absolute elementor-hidden-tablet elementor-hidden-mobile elementor-widget elementor-widget-image\" data-id=\"515905d\" data-element_type=\"widget\" data-settings=\"{&quot;_position&quot;:&quot;absolute&quot;}\" data-widget_type=\"image.default\">\n\t\t\t\t<div class=\"elementor-widget-container\">\n\t\t\t<style>\/*! elementor - v3.18.0 - 20-12-2023 *\/\n.elementor-widget-image{text-align:center}.elementor-widget-image a{display:inline-block}.elementor-widget-image a img[src$=\".svg\"]{width:48px}.elementor-widget-image img{vertical-align:middle;display:inline-block}<\/style>\t\t\t\t\t\t\t\t\t\t\t\t<img decoding=\"async\" width=\"279\" height=\"173\" src=\"https:\/\/www.ankanitro.com.tr\/wp-content\/uploads\/2023\/01\/base.png\" class=\"attachment-large size-large wp-image-37183\" alt=\"\" \/>\t\t\t\t\t\t\t\t\t\t\t\t\t\t\t<\/div>\n\t\t\t\t<\/div>\n\t\t\t\t<div class=\"elementor-element elementor-element-cbb7ba4 elementor-widget elementor-widget-tm-ele-animated-layers\" data-id=\"cbb7ba4\" data-element_type=\"widget\" data-widget_type=\"tm-ele-animated-layers.default\">\n\t\t\t\t<div class=\"elementor-widget-container\">\n\t\t\t\t\t<div class=\"tm-sc-animated-layer-advanced \">\r\n\t\t\t<div class=\"animated-layer-advanced-inner clearfix\">\r\n\t\r\n<div class=\"layer-image-wrapper layer-image  layer-image-fullwidth elementor-repeater-item-eff5c4d\" style=\"\">\r\n\t<div class=\"layer-inner layer-image  \">\r\n\t\t<div class=\"layer-image-inner-wrapper image-hover-effect-shine\">\r\n\t\t\t<img fetchpriority=\"high\" decoding=\"async\" class=\"\" src=\"https:\/\/www.ankanitro.com.tr\/wp-content\/uploads\/2022\/09\/Illegal-Fireworks-400x532.png\" width=\"400\" height=\"532\" alt=\"Image\">\r\n\t\t<\/div>\r\n\t<\/div>\r\n<\/div>\r\n\r\n<div class=\"layer-image-wrapper layer-image  elementor-repeater-item-ff88e24\" style=\"\">\r\n\t<div class=\"layer-inner layer-image  \">\r\n\t\t<div class=\"layer-image-inner-wrapper image-hover-effect-shine\">\r\n\t\t\t<img decoding=\"async\" class=\"\" src=\"https:\/\/www.ankanitro.com.tr\/wp-content\/uploads\/2024\/01\/GettyImages-523683716-2048x1360-1.jpg\" width=\"2048\" height=\"1360\" alt=\"Image\">\r\n\t\t<\/div>\r\n\t<\/div>\r\n<\/div>\r\n<div class=\"layer-image-wrapper  layer-blank  elementor-repeater-item-38144c5\" style=\"\">\r\n\t<div class=\"layer-inner\">\r\n\t<\/div>\r\n<\/div>\r\n\r\n<div class=\"layer-image-wrapper layer-image  layer-image-fullwidth elementor-repeater-item-4a7e9ea\" style=\"\">\r\n\t<div class=\"layer-inner layer-image  tm-animation-floating\">\r\n\t\t<div class=\"layer-image-inner-wrapper \">\r\n\t\t\t<img loading=\"lazy\" decoding=\"async\" class=\"\" src=\"https:\/\/www.ankanitro.com.tr\/wp-content\/uploads\/2022\/12\/dots.png\" width=\"100\" height=\"185\" alt=\"Image\">\r\n\t\t<\/div>\r\n\t<\/div>\r\n<\/div>\r\n\t\t\t<\/div>\r\n\t\t\t<div class=\"clearfix\"><\/div>\r\n\t\t<\/div>\r\n\t\t\t<\/div>\n\t\t\t\t<\/div>\n\t\t\t\t\t<\/div>\n\t\t<\/div>\n\t\t\t\t<div class=\"elementor-column elementor-col-33 elementor-top-column elementor-element elementor-element-fe0a00c tm-bg-color-over-image\" data-id=\"fe0a00c\" data-element_type=\"column\">\n\t\t\t<div class=\"elementor-widget-wrap\">\n\t\t\t\t\t\t\t\t\t<\/div>\n\t\t<\/div>\n\t\t\t\t<div class=\"elementor-column elementor-col-33 elementor-top-column elementor-element elementor-element-58584ad tm-bg-color-over-image\" data-id=\"58584ad\" data-element_type=\"column\">\n\t\t\t<div class=\"elementor-widget-wrap elementor-element-populated\">\n\t\t\t\t\t\t\t\t<div class=\"elementor-element elementor-element-6fef439 horizontal-line-align-left vertical-line-align-bottom elementor-widget elementor-widget-tm-ele-section-title\" data-id=\"6fef439\" data-element_type=\"widget\" data-widget_type=\"tm-ele-section-title.default\">\n\t\t\t\t<div class=\"elementor-widget-container\">\n\t\t\t<div class=\"tm-sc-section-title section-title \">\r\n\t<div class=\"title-wrapper\">\r\n\t\t\t\t\t\t<h6 class=\"subtitle \">\r\n\r\n\t\t\r\n\t\tANKA N\u0130TRO\t<\/h6>\r\n\t\t\t\t<h2 class=\"title \">\r\n\r\n\t\t\r\n\t\t\t\t<span class=\"title-part1 \">Sekt\u00f6rde \u00f6nc\u00fc ve yenilik\u00e7i yakla\u015f\u0131m...<\/span>\r\n\t\t\t\t\r\n\t\t\r\n\t<\/h2>\r\n\t<div class=\"title-seperator-line\"><\/div>\t\t\t\t\t\t<\/div>\r\n<\/div>\t\t<\/div>\n\t\t\t\t<\/div>\n\t\t\t\t<div class=\"elementor-element elementor-element-52aba8c elementor-widget elementor-widget-tm-ele-text-editor\" data-id=\"52aba8c\" data-element_type=\"widget\" data-widget_type=\"tm-ele-text-editor.default\">\n\t\t\t\t<div class=\"elementor-widget-container\">\n\t\t\t\t\t<div class=\"tm-text-editor\">\r\n\t\t<p style=\"text-align: justify;\">End\u00fcstriyel patlay\u0131c\u0131lar, end\u00fcstriyel ve ticari uygulamalarda kullan\u0131lan patlay\u0131c\u0131 maddelerdir. Bu t\u00fcr patlay\u0131c\u0131lar, madencilik, in\u015faat, ta\u015f\u0131mac\u0131l\u0131k ve di\u011fer end\u00fcstriyel faaliyetlerde \u00e7e\u015fitli ama\u00e7lar i\u00e7in kullan\u0131labilir. Ancak, bu maddelerin kullan\u0131m\u0131 s\u0131k\u0131 g\u00fcvenlik \u00f6nlemleri gerektirir ve genellikle lisans, izin ve e\u011fitim gerektirir.<\/p><p style=\"text-align: justify;\">End\u00fcstriyel patlay\u0131c\u0131lar, \u00f6zel kullan\u0131mlar\u0131na ba\u011fl\u0131 olarak farkl\u0131 \u00f6zelliklere sahip olabilir. \u00d6rne\u011fin, madencilikte kullan\u0131lan patlay\u0131c\u0131lar, ta\u015f ve mineralleri k\u0131rma amac\u0131yla tasarlanm\u0131\u015f olabilir. \u0130n\u015faat sekt\u00f6r\u00fcnde kullan\u0131lanlar ise yap\u0131 malzemelerini yerle\u015ftirmek, y\u0131k\u0131m yapmak veya di\u011fer in\u015faat ama\u00e7lar\u0131 i\u00e7in kullan\u0131labilir.<\/p><p style=\"text-align: justify;\">Bu t\u00fcr maddelerin kullan\u0131m\u0131, s\u0131k\u0131 g\u00fcvenlik protokollerini i\u00e7erir ve genellikle yerel yasal d\u00fczenlemelere tabidir. Ayr\u0131ca, bu maddelerin ta\u015f\u0131nmas\u0131, depolanmas\u0131 ve kullan\u0131lmas\u0131 i\u00e7in belirli kurallara ve standartlara uymak \u00f6nemlidir. G\u00fcvenlik uzmanlar\u0131 ve yetkililer taraf\u0131ndan belirlenen y\u00f6nergeleri dikkatlice takip etmek, end\u00fcstriyel patlay\u0131c\u0131lar\u0131n g\u00fcvenli bir \u015fekilde kullan\u0131lmas\u0131n\u0131 sa\u011flamak i\u00e7in kritiktir.<\/p>\t\t<\/div>\r\n\t\t\t<\/div>\n\t\t\t\t<\/div>\n\t\t\t\t\t<\/div>\n\t\t<\/div>\n\t\t\t\t\t\t\t<\/div>\n\t\t<\/section>\n\t\t\t\t\t\t\t<\/div>\n\t\t","protected":false},"excerpt":{"rendered":"<p>0 Y\u0131ll\u0131k Tecr\u00fcbe ANKA N\u0130TRO Sekt\u00f6rde \u00f6nc\u00fc ve yenilik\u00e7i yakla\u015f\u0131m&#8230; End\u00fcstriyel patlay\u0131c\u0131lar, end\u00fcstriyel ve ticari uygulamalarda kullan\u0131lan patlay\u0131c\u0131 maddelerdir. Bu&#8230;<\/p>\n","protected":false},"author":1,"featured_media":0,"parent":0,"menu_order":0,"comment_status":"closed","ping_status":"closed","template":"","meta":{"footnotes":""},"class_list":["post-48134","page","type-page","status-publish","hentry"],"_links":{"self":[{"href":"https:\/\/www.ankanitro.com.tr\/index.php\/wp-json\/wp\/v2\/pages\/48134","targetHints":{"allow":["GET"]}}],"collection":[{"href":"https:\/\/www.ankanitro.com.tr\/index.php\/wp-json\/wp\/v2\/pages"}],"about":[{"href":"https:\/\/www.ankanitro.com.tr\/index.php\/wp-json\/wp\/v2\/types\/page"}],"author":[{"embeddable":true,"href":"https:\/\/www.ankanitro.com.tr\/index.php\/wp-json\/wp\/v2\/users\/1"}],"replies":[{"embeddable":true,"href":"https:\/\/www.ankanitro.com.tr\/index.php\/wp-json\/wp\/v2\/comments?post=48134"}],"version-history":[{"count":13,"href":"https:\/\/www.ankanitro.com.tr\/index.php\/wp-json\/wp\/v2\/pages\/48134\/revisions"}],"predecessor-version":[{"id":48582,"href":"https:\/\/www.ankanitro.com.tr\/index.php\/wp-json\/wp\/v2\/pages\/48134\/revisions\/48582"}],"wp:attachment":[{"href":"https:\/\/www.ankanitro.com.tr\/index.php\/wp-json\/wp\/v2\/media?parent=48134"}],"curies":[{"name":"wp","href":"https:\/\/api.w.org\/{rel}","templated":true}]}}