{"id":48138,"date":"2024-01-09T14:55:11","date_gmt":"2024-01-09T11:55:11","guid":{"rendered":"https:\/\/www.simgeasansor.com.tr\/ankanitro\/?page_id=48138"},"modified":"2024-01-09T16:18:43","modified_gmt":"2024-01-09T13:18:43","slug":"patlatma-hizmetleri","status":"publish","type":"page","link":"https:\/\/www.ankanitro.com.tr\/index.php\/hizmetler\/patlatma-hizmetleri\/","title":{"rendered":"Patlatma Hizmetleri"},"content":{"rendered":"<p style=\"font-weight: 400; text-align: justify;\">Ta\u015f ocaklar\u0131nda patlatma sonras\u0131 istenilen tane da\u011f\u0131l\u0131m\u0131 \u00e7e\u015fitli uygulay\u0131c\u0131larca de\u011fi\u015fik \u015farj, delik \u00e7ap\u0131 ve delik d\u00fczeni kullan\u0131larak elde edilmeye \u00e7al\u0131\u015f\u0131lm\u0131\u015ft\u0131r. K\u0131rmata\u015f \u00fcretimi yapan tas\u0327 ocaklar\u0131nda delme- patlatma i\u015flemlerinde verim art\u0131rma ve maliyet du\u0308s\u0327u\u0308rme \u00e7al\u0131\u015fmalar\u0131 yap\u0131lm\u0131\u015ft\u0131r. Bu bu\u0308diride; patlay\u0131c\u0131 t\u00fcr\u00fc\u0308 ve delik d\u00fczeni gibi parametrelerin par\u00e7a boyutu, pasa \u015fekli ve patlatma hasar\u0131na etkileri ara\u015ft\u0131r\u0131lm\u0131\u015ft\u0131r. Saha patlatma veri ve g\u00f6zlemleri, patlatma uygulamalar\u0131n\u0131n iyile\u015ftirilmesinde bir\u00e7ok parametreyi g\u00f6z \u00f6n\u00fcnde bulundurarak hem verim art\u0131rmada hem de maliyet du\u0308s\u0327u\u0308rmede faydalar sa\u011flanm\u0131\u015ft\u0131r.<\/p>\n<p style=\"font-weight: 400; text-align: justify;\">Modern d\u00fcnyan\u0131n ihtiyac\u0131 olan b\u00fcy\u00fck in\u015faat tesislerinin yap\u0131m\u0131 ve maden kaynaklar\u0131n\u0131n \u00fcretilerek insanlar\u0131n hizmetine sunulmas\u0131 s\u0131ras\u0131nda patlatmal\u0131 kaz\u0131 \u00e7al\u0131\u015fmalar\u0131 ka\u00e7\u0131n\u0131lmazd\u0131r.<\/p>\n<p style=\"font-weight: 400; text-align: justify;\">Bunun bilincinde olan ANKAN\u0130TRO Delme &#8211; Patlatma \u00e7al\u0131\u015fanlar\u0131 madencilik ve in\u015faat i\u015flerinin en \u00f6nemli i\u015flevi olan patlatma i\u015flerini, her t\u00fcrl\u00fc madencilik ve in\u015faat sahas\u0131 ko\u015fullar\u0131nda, sahip oldu\u011fu bilgi birikimi ve tecr\u00fcbesi ile \u00e7evre ve insan g\u00fcvenli\u011fini \u00f6n planda tutarak ger\u00e7ekle\u015ftirmektedir.<\/p>\n<p style=\"font-weight: 400; text-align: justify;\">Madencilik ve \u0130n\u015faat \u00e7al\u0131\u015fmalar\u0131nda s\u00fcrekli uygulanan \u00fcretim patlatmalar\u0131n\u0131n yan\u0131 s\u0131ra ba\u015fta sars\u0131nt\u0131 ve \u015fev kontrol\u00fc olmak \u00fczere \u00e7e\u015fitli nedenlerden dolay\u0131 \u00f6zel ve kontroll\u00fc patlatmalara gerek duyulmaktad\u0131r. Ba\u015fta madencilik olmak \u00fczere, yol yap\u0131m\u0131, baraj yap\u0131m\u0131, t\u00fcnel yap\u0131m\u0131 gibi faaliyetlerde, \u00f6n kesme (presplitt), son kesme (smooth blasting) gibi \u00f6zel uygulamalar\u0131 ba\u015far\u0131 ile yapman\u0131n hakl\u0131 gururunu ya\u015fayan ANKAN\u0130TRO Delme &#8211; Patlatma, gerekti\u011fi durumlarda;<\/p>\n<ul style=\"font-weight: 400; text-align: justify;\">\n<li>Yer \u00fcst\u00fc patlatma hizmetleri<\/li>\n<li>A\u00e7\u0131k ocak patlatmalar\u0131<\/li>\n<li>Yol patlatmalar\u0131<\/li>\n<li>Kanal patlatmalar\u0131<\/li>\n<li>Dekapaj ve hafriyat patlatmalar\u0131<\/li>\n<li>Temel kaz\u0131lar\u0131<\/li>\n<li>Kontroll\u00fc ve \u00f6zel patlatmalar\u0131<\/li>\n<li>\u00d6zel patlatma uygulamalar\u0131 ile<\/li>\n<\/ul>\n<p style=\"font-weight: 400; text-align: justify;\">Temel ve direkt kaz\u0131, kanal patlatmalar\u0131, \u015fev kesmeleri, \u015fehir i\u00e7i patlatmalar, bina y\u0131k\u0131mlar\u0131 ve bunun gibi uzmanl\u0131k ve tecr\u00fcbe gerektiren patlatmalar\u0131n uygulamalar\u0131 yap\u0131lmaktad\u0131r.<\/p>\n","protected":false},"excerpt":{"rendered":"<p>Ta\u015f ocaklar\u0131nda patlatma sonras\u0131 istenilen tane da\u011f\u0131l\u0131m\u0131 \u00e7e\u015fitli uygulay\u0131c\u0131larca de\u011fi\u015fik \u015farj, delik \u00e7ap\u0131 ve delik d\u00fczeni kullan\u0131larak elde edilmeye \u00e7al\u0131\u015f\u0131lm\u0131\u015ft\u0131r&#8230;.<\/p>\n","protected":false},"author":1,"featured_media":0,"parent":48136,"menu_order":0,"comment_status":"closed","ping_status":"closed","template":"","meta":{"footnotes":""},"class_list":["post-48138","page","type-page","status-publish","hentry"],"_links":{"self":[{"href":"https:\/\/www.ankanitro.com.tr\/index.php\/wp-json\/wp\/v2\/pages\/48138","targetHints":{"allow":["GET"]}}],"collection":[{"href":"https:\/\/www.ankanitro.com.tr\/index.php\/wp-json\/wp\/v2\/pages"}],"about":[{"href":"https:\/\/www.ankanitro.com.tr\/index.php\/wp-json\/wp\/v2\/types\/page"}],"author":[{"embeddable":true,"href":"https:\/\/www.ankanitro.com.tr\/index.php\/wp-json\/wp\/v2\/users\/1"}],"replies":[{"embeddable":true,"href":"https:\/\/www.ankanitro.com.tr\/index.php\/wp-json\/wp\/v2\/comments?post=48138"}],"version-history":[{"count":2,"href":"https:\/\/www.ankanitro.com.tr\/index.php\/wp-json\/wp\/v2\/pages\/48138\/revisions"}],"predecessor-version":[{"id":48238,"href":"https:\/\/www.ankanitro.com.tr\/index.php\/wp-json\/wp\/v2\/pages\/48138\/revisions\/48238"}],"up":[{"embeddable":true,"href":"https:\/\/www.ankanitro.com.tr\/index.php\/wp-json\/wp\/v2\/pages\/48136"}],"wp:attachment":[{"href":"https:\/\/www.ankanitro.com.tr\/index.php\/wp-json\/wp\/v2\/media?parent=48138"}],"curies":[{"name":"wp","href":"https:\/\/api.w.org\/{rel}","templated":true}]}}