{"id":48142,"date":"2024-01-09T14:55:40","date_gmt":"2024-01-09T11:55:40","guid":{"rendered":"https:\/\/www.simgeasansor.com.tr\/ankanitro\/?page_id=48142"},"modified":"2024-01-09T16:19:22","modified_gmt":"2024-01-09T13:19:22","slug":"patlayici-madde-satisi","status":"publish","type":"page","link":"https:\/\/www.ankanitro.com.tr\/index.php\/hizmetler\/patlayici-madde-satisi\/","title":{"rendered":"Patlay\u0131c\u0131 Madde Sat\u0131\u015f\u0131"},"content":{"rendered":"<p style=\"font-weight: 400;\">Sekt\u00f6r\u00fcn ihtiyac\u0131 olan \u00fcr\u00fcnleri T\u00fcrkiye ve b\u00f6lge pazarlar\u0131yla bulu\u015fturuyoruz.<\/p>\n<p style=\"font-weight: 400;\">Yer alt\u0131 ve yer \u00fcst\u00fc k\u00f6m\u00fcr madencili\u011fi, metalik madenler, end\u00fcstriyel mineraller, agrega (ta\u015f oca\u011f\u0131) ve \u00e7imento sekt\u00f6r\u00fcnde ayr\u0131ca enerji, ula\u015f\u0131m ve her t\u00fcrl\u00fc alt yap\u0131 projelerinde ihtiyac\u0131n\u0131z olan patlay\u0131c\u0131 maddelerin temini yapmaktay\u0131z.<\/p>\n<p style=\"font-weight: 400;\">D\u00fcnya \u00e7ap\u0131nda firma temsilcilikleri ile, in\u015faat ve madencilik sekt\u00f6r\u00fcn\u00fcn ihtiyac\u0131 olan her t\u00fcrl\u00fc patlay\u0131c\u0131 maddelerin sat\u0131\u015f\u0131n\u0131,\u00a0 elektriksiz ate\u015fleme sistemlerinin sat\u0131\u015f\u0131n\u0131, patlatma aksesuarlar\u0131n\u0131n teminini ger\u00e7ekle\u015ftirmektedir.<\/p>\n<p>Yer \u00fcst\u00fc ve yer alt\u0131 patlatmalar\u0131nda kullan\u0131lan \u00fcst d\u00fczey g\u00fcvenlik, y\u00fcksek performans ve minimum \u00e7evresel etki i\u00e7in \u00f6zel olarak dizayn edilmi\u015f elektriksiz kaps\u00fcl sistemleri firmam\u0131zdan temin edebilirsiniz.<\/p>\n<p>Patlatma sahas\u0131nda ihtiya\u00e7 duyaca\u011f\u0131n\u0131z patlatma manyetosu, patlatma ohmmetresi, ate\u015fleme kablosu, sars\u0131nt\u0131 ve \u015fok \u00f6l\u00e7\u00fcm cihaz\u0131, siren ve benzerleri gibi her t\u00fcrl\u00fc aksesuar ve ekipman\u0131n teminini ger\u00e7ekle\u015ftirmekteyiz.<\/p>\n","protected":false},"excerpt":{"rendered":"<p>Sekt\u00f6r\u00fcn ihtiyac\u0131 olan \u00fcr\u00fcnleri T\u00fcrkiye ve b\u00f6lge pazarlar\u0131yla bulu\u015fturuyoruz. Yer alt\u0131 ve yer \u00fcst\u00fc k\u00f6m\u00fcr madencili\u011fi, metalik madenler, end\u00fcstriyel mineraller,&#8230;<\/p>\n","protected":false},"author":1,"featured_media":0,"parent":48136,"menu_order":0,"comment_status":"closed","ping_status":"closed","template":"","meta":{"footnotes":""},"class_list":["post-48142","page","type-page","status-publish","hentry"],"_links":{"self":[{"href":"https:\/\/www.ankanitro.com.tr\/index.php\/wp-json\/wp\/v2\/pages\/48142","targetHints":{"allow":["GET"]}}],"collection":[{"href":"https:\/\/www.ankanitro.com.tr\/index.php\/wp-json\/wp\/v2\/pages"}],"about":[{"href":"https:\/\/www.ankanitro.com.tr\/index.php\/wp-json\/wp\/v2\/types\/page"}],"author":[{"embeddable":true,"href":"https:\/\/www.ankanitro.com.tr\/index.php\/wp-json\/wp\/v2\/users\/1"}],"replies":[{"embeddable":true,"href":"https:\/\/www.ankanitro.com.tr\/index.php\/wp-json\/wp\/v2\/comments?post=48142"}],"version-history":[{"count":2,"href":"https:\/\/www.ankanitro.com.tr\/index.php\/wp-json\/wp\/v2\/pages\/48142\/revisions"}],"predecessor-version":[{"id":48239,"href":"https:\/\/www.ankanitro.com.tr\/index.php\/wp-json\/wp\/v2\/pages\/48142\/revisions\/48239"}],"up":[{"embeddable":true,"href":"https:\/\/www.ankanitro.com.tr\/index.php\/wp-json\/wp\/v2\/pages\/48136"}],"wp:attachment":[{"href":"https:\/\/www.ankanitro.com.tr\/index.php\/wp-json\/wp\/v2\/media?parent=48142"}],"curies":[{"name":"wp","href":"https:\/\/api.w.org\/{rel}","templated":true}]}}