{"id":48144,"date":"2024-01-09T14:55:55","date_gmt":"2024-01-09T11:55:55","guid":{"rendered":"https:\/\/www.simgeasansor.com.tr\/ankanitro\/?page_id=48144"},"modified":"2024-01-09T16:20:29","modified_gmt":"2024-01-09T13:20:29","slug":"titresim-olcum-hizmetleri","status":"publish","type":"page","link":"https:\/\/www.ankanitro.com.tr\/index.php\/hizmetler\/titresim-olcum-hizmetleri\/","title":{"rendered":"Titre\u015fim \u00d6l\u00e7\u00fcm Hizmetleri"},"content":{"rendered":"<p style=\"text-align: justify;\"><span>Madenler, ta\u015focaklar\u0131, yol ve kanal in\u015faatlar\u0131n\u0131n g\u00fcn\u00fcm\u00fczde yerle\u015fim yerlerine olan yak\u0131nl\u0131klar\u0131 nedeniyle patlatma kaynakl\u0131 \u00e7evresel etkiler ortaya \u00e7\u0131kmaktad\u0131r. Madenlerin ve patlatma gerektiren b\u00fcy\u00fck yol, kanal, baraj vb. in\u015faatlar\u0131n, bu faaliyetler s\u0131ras\u0131nda y\u00fcr\u00fctt\u00fckleri patlatma i\u015flerinin \u00e7evrede ya\u015fayan insanlara ve binalara zarar vermemesini sa\u011flamas\u0131 ise bir zorunluluktur. Kontrols\u00fczce yap\u0131lan ve sonu\u00e7 olarak \u00e7evredeki binalara ve yerle\u015fim yerlerine zarar veren patlatmalar nedeni ile bir\u00e7ok \u00f6zel firma ve kamu kurumu, zaman zaman y\u00fckl\u00fc miktarlarda tazminatlar \u00f6demek zorunda kalmaktad\u0131r. Patlatma operasyonlar\u0131n\u0131 daima \u00e7evresel etkileri ile birlikte bir b\u00fct\u00fcn olarak ele alan ANKA Nitro, patlatmalar\u0131n, sars\u0131nt\u0131 ve hava \u015foku gibi \u00e7evresel etkilerinin denetlenmesi ve iyile\u015ftirilmesi i\u00e7in her t\u00fcr hizmeti, uzman personeli arac\u0131l\u0131\u011f\u0131 ile m\u00fc\u015fterilerine sunmaktad\u0131r.<\/span><\/p>\n","protected":false},"excerpt":{"rendered":"<p>Madenler, ta\u015focaklar\u0131, yol ve kanal in\u015faatlar\u0131n\u0131n g\u00fcn\u00fcm\u00fczde yerle\u015fim yerlerine olan yak\u0131nl\u0131klar\u0131 nedeniyle patlatma kaynakl\u0131 \u00e7evresel etkiler ortaya \u00e7\u0131kmaktad\u0131r. Madenlerin ve&#8230;<\/p>\n","protected":false},"author":1,"featured_media":0,"parent":48136,"menu_order":0,"comment_status":"closed","ping_status":"closed","template":"","meta":{"footnotes":""},"class_list":["post-48144","page","type-page","status-publish","hentry"],"_links":{"self":[{"href":"https:\/\/www.ankanitro.com.tr\/index.php\/wp-json\/wp\/v2\/pages\/48144","targetHints":{"allow":["GET"]}}],"collection":[{"href":"https:\/\/www.ankanitro.com.tr\/index.php\/wp-json\/wp\/v2\/pages"}],"about":[{"href":"https:\/\/www.ankanitro.com.tr\/index.php\/wp-json\/wp\/v2\/types\/page"}],"author":[{"embeddable":true,"href":"https:\/\/www.ankanitro.com.tr\/index.php\/wp-json\/wp\/v2\/users\/1"}],"replies":[{"embeddable":true,"href":"https:\/\/www.ankanitro.com.tr\/index.php\/wp-json\/wp\/v2\/comments?post=48144"}],"version-history":[{"count":2,"href":"https:\/\/www.ankanitro.com.tr\/index.php\/wp-json\/wp\/v2\/pages\/48144\/revisions"}],"predecessor-version":[{"id":48240,"href":"https:\/\/www.ankanitro.com.tr\/index.php\/wp-json\/wp\/v2\/pages\/48144\/revisions\/48240"}],"up":[{"embeddable":true,"href":"https:\/\/www.ankanitro.com.tr\/index.php\/wp-json\/wp\/v2\/pages\/48136"}],"wp:attachment":[{"href":"https:\/\/www.ankanitro.com.tr\/index.php\/wp-json\/wp\/v2\/media?parent=48144"}],"curies":[{"name":"wp","href":"https:\/\/api.w.org\/{rel}","templated":true}]}}