{"id":48150,"date":"2024-01-09T14:56:32","date_gmt":"2024-01-09T11:56:32","guid":{"rendered":"https:\/\/www.simgeasansor.com.tr\/ankanitro\/?page_id=48150"},"modified":"2024-01-09T16:26:42","modified_gmt":"2024-01-09T13:26:42","slug":"kapsule-duyarli-patlayicilar","status":"publish","type":"page","link":"https:\/\/www.ankanitro.com.tr\/index.php\/urunler\/kapsule-duyarli-patlayicilar\/","title":{"rendered":"Kaps\u00fcle Duyarl\u0131 Patlay\u0131c\u0131lar"},"content":{"rendered":"<div class=\"pt-cv-wrapper\"><div class=\"pt-cv-view pt-cv-blockgrid iscvblock iscvhybrid grid1 layout2\" id=\"pt-cv-view-a4aff9dcaj\"><div data-id=\"pt-cv-page-1\" class=\"pt-cv-page\" data-cvc=\"3\"><div class=\" pt-cv-content-item pt-cv-1-col\"  data-pid=\"48275\"><div class=\"pt-cv-thumb-wrapper  \"><a href=\"https:\/\/www.ankanitro.com.tr\/index.php\/urunler\/kapsule-duyarli-patlayicilar\/trimex\/\" class=\"_blank pt-cv-href-thumbnail pt-cv-thumb-default\" target=\"_blank\" ><img fetchpriority=\"high\" decoding=\"async\" width=\"300\" height=\"225\" src=\"https:\/\/www.ankanitro.com.tr\/wp-content\/uploads\/2024\/01\/trimex-300x225.jpg\" class=\"pt-cv-thumbnail img-none\" alt=\"Trimex\" \/><\/a><\/div>\n<div class=\"pt-cv-remain-wrapper\"><h4 class=\"pt-cv-title\"><a href=\"https:\/\/www.ankanitro.com.tr\/index.php\/urunler\/kapsule-duyarli-patlayicilar\/trimex\/\" class=\"_blank\" target=\"_blank\" >Trimex<\/a><\/h4><\/div><\/div>\n<div class=\" pt-cv-content-item pt-cv-1-col\"  data-pid=\"48273\"><div class=\"pt-cv-thumb-wrapper  \"><a href=\"https:\/\/www.ankanitro.com.tr\/index.php\/urunler\/kapsule-duyarli-patlayicilar\/powergel-sismik\/\" class=\"_blank pt-cv-href-thumbnail pt-cv-thumb-default\" target=\"_blank\" ><img decoding=\"async\" width=\"300\" height=\"225\" src=\"https:\/\/www.ankanitro.com.tr\/wp-content\/uploads\/2024\/01\/powergel-sismik-300x225.jpg\" class=\"pt-cv-thumbnail img-none\" alt=\"Powergel Sismik\" \/><\/a><\/div>\n<div class=\"pt-cv-remain-wrapper\"><h4 class=\"pt-cv-title\"><a href=\"https:\/\/www.ankanitro.com.tr\/index.php\/urunler\/kapsule-duyarli-patlayicilar\/powergel-sismik\/\" class=\"_blank\" target=\"_blank\" >Powergel Sismik<\/a><\/h4><\/div><\/div>\n<div class=\" pt-cv-content-item pt-cv-1-col\"  data-pid=\"48271\"><div class=\"pt-cv-thumb-wrapper  \"><a href=\"https:\/\/www.ankanitro.com.tr\/index.php\/urunler\/kapsule-duyarli-patlayicilar\/powergel-super-ajax\/\" class=\"_blank pt-cv-href-thumbnail pt-cv-thumb-default\" target=\"_blank\" ><img decoding=\"async\" width=\"300\" height=\"225\" src=\"https:\/\/www.ankanitro.com.tr\/wp-content\/uploads\/2024\/01\/super-ajax-300x225.jpg\" class=\"pt-cv-thumbnail img-none\" alt=\"Powergel Super Ajax\" \/><\/a><\/div>\n<div class=\"pt-cv-remain-wrapper\"><h4 class=\"pt-cv-title\"><a href=\"https:\/\/www.ankanitro.com.tr\/index.php\/urunler\/kapsule-duyarli-patlayicilar\/powergel-super-ajax\/\" class=\"_blank\" target=\"_blank\" >Powergel Super Ajax<\/a><\/h4><\/div><\/div>\n<div class=\" pt-cv-content-item pt-cv-1-col\"  data-pid=\"48269\"><div class=\"pt-cv-thumb-wrapper  \"><a href=\"https:\/\/www.ankanitro.com.tr\/index.php\/urunler\/kapsule-duyarli-patlayicilar\/powergel-magnum\/\" class=\"_blank pt-cv-href-thumbnail pt-cv-thumb-default\" target=\"_blank\" ><img loading=\"lazy\" decoding=\"async\" width=\"300\" height=\"225\" src=\"https:\/\/www.ankanitro.com.tr\/wp-content\/uploads\/2024\/01\/powergel-magnum-300x225.jpg\" class=\"pt-cv-thumbnail img-none\" alt=\"Powergel Magnum\" \/><\/a><\/div>\n<div class=\"pt-cv-remain-wrapper\"><h4 class=\"pt-cv-title\"><a href=\"https:\/\/www.ankanitro.com.tr\/index.php\/urunler\/kapsule-duyarli-patlayicilar\/powergel-magnum\/\" class=\"_blank\" target=\"_blank\" >Powergel Magnum<\/a><\/h4><\/div><\/div>\n<div class=\" pt-cv-content-item pt-cv-1-col\"  data-pid=\"48267\"><div class=\"pt-cv-thumb-wrapper  \"><a href=\"https:\/\/www.ankanitro.com.tr\/index.php\/urunler\/kapsule-duyarli-patlayicilar\/powergel-magnum-365\/\" class=\"_blank pt-cv-href-thumbnail pt-cv-thumb-default\" target=\"_blank\" ><img loading=\"lazy\" decoding=\"async\" width=\"300\" height=\"225\" src=\"https:\/\/www.ankanitro.com.tr\/wp-content\/uploads\/2024\/01\/Powergel-Magnum-365-300x225.jpg\" class=\"pt-cv-thumbnail img-none\" alt=\"Powergel Magnum 365\" \/><\/a><\/div>\n<div class=\"pt-cv-remain-wrapper\"><h4 class=\"pt-cv-title\"><a href=\"https:\/\/www.ankanitro.com.tr\/index.php\/urunler\/kapsule-duyarli-patlayicilar\/powergel-magnum-365\/\" class=\"_blank\" target=\"_blank\" >Powergel Magnum 365<\/a><\/h4><\/div><\/div><\/div><\/div><\/div>\t\t\t<style type=\"text\/css\" id=\"pt-cv-inline-style-99fb690y85\">\n#pt-cv-view-a4aff9dcaj .pt-cv-thumb-wrapper:not(.miniwrap) {  }#pt-cv-view-a4aff9dcaj .pt-cv-thumbnail:not(.pt-cv-thumbnailsm) { height: 250px; }#pt-cv-view-a4aff9dcaj > .pt-cv-page {grid-template-columns: repeat(3, 1fr);grid-gap: 15px;}\n@media all and (max-width: 1024px) { \n#pt-cv-view-a4aff9dcaj > .pt-cv-page {grid-template-columns: repeat(1, 1fr);}\n} \n@media all and (max-width: 767px) { \n#pt-cv-view-a4aff9dcaj > .pt-cv-page {grid-template-columns: repeat(1, 1fr);}\n} <\/style>\r\n\t\t\t\t\t\t<style type=\"text\/css\" id=\"pt-cv-inline-style-011c8c05kd\">#pt-cv-view-a4aff9dcaj .pt-cv-title a, #pt-cv-view-a4aff9dcaj  .panel-title { font-weight: 600 !important; display: block !important; text-align: center !important; clear: both !important; }\n#pt-cv-view-a4aff9dcaj  .pt-cv-title a:hover, #pt-cv-view-a4aff9dcaj  .panel-title:hover   { display: block !important; text-align: center !important; clear: both !important; }\n#pt-cv-view-a4aff9dcaj .pt-cv-readmore  { color: #ffffff !important; background-color: #00aeef !important; }\n#pt-cv-view-a4aff9dcaj .pt-cv-readmore:hover  { color: #ffffff !important; background-color: #00aeef !important; }<\/style>\r\n\t\t\t\n","protected":false},"excerpt":{"rendered":"","protected":false},"author":1,"featured_media":0,"parent":48146,"menu_order":0,"comment_status":"closed","ping_status":"closed","template":"","meta":{"footnotes":""},"class_list":["post-48150","page","type-page","status-publish","hentry"],"_links":{"self":[{"href":"https:\/\/www.ankanitro.com.tr\/index.php\/wp-json\/wp\/v2\/pages\/48150","targetHints":{"allow":["GET"]}}],"collection":[{"href":"https:\/\/www.ankanitro.com.tr\/index.php\/wp-json\/wp\/v2\/pages"}],"about":[{"href":"https:\/\/www.ankanitro.com.tr\/index.php\/wp-json\/wp\/v2\/types\/page"}],"author":[{"embeddable":true,"href":"https:\/\/www.ankanitro.com.tr\/index.php\/wp-json\/wp\/v2\/users\/1"}],"replies":[{"embeddable":true,"href":"https:\/\/www.ankanitro.com.tr\/index.php\/wp-json\/wp\/v2\/comments?post=48150"}],"version-history":[{"count":2,"href":"https:\/\/www.ankanitro.com.tr\/index.php\/wp-json\/wp\/v2\/pages\/48150\/revisions"}],"predecessor-version":[{"id":48262,"href":"https:\/\/www.ankanitro.com.tr\/index.php\/wp-json\/wp\/v2\/pages\/48150\/revisions\/48262"}],"up":[{"embeddable":true,"href":"https:\/\/www.ankanitro.com.tr\/index.php\/wp-json\/wp\/v2\/pages\/48146"}],"wp:attachment":[{"href":"https:\/\/www.ankanitro.com.tr\/index.php\/wp-json\/wp\/v2\/media?parent=48150"}],"curies":[{"name":"wp","href":"https:\/\/api.w.org\/{rel}","templated":true}]}}