{"id":48156,"date":"2024-01-09T14:57:02","date_gmt":"2024-01-09T11:57:02","guid":{"rendered":"https:\/\/www.simgeasansor.com.tr\/ankanitro\/?page_id=48156"},"modified":"2024-01-16T10:53:55","modified_gmt":"2024-01-16T07:53:55","slug":"aksesuarlar","status":"publish","type":"page","link":"https:\/\/www.ankanitro.com.tr\/index.php\/urunler\/aksesuarlar\/","title":{"rendered":"Aksesuarlar"},"content":{"rendered":"\t\t<div data-elementor-type=\"wp-page\" data-elementor-id=\"48156\" class=\"elementor elementor-48156\" data-elementor-post-type=\"page\">\n\t\t\t\t\t\t\t<div class=\"elementor-element elementor-element-2d6376b e-flex e-con-boxed e-con e-parent\" data-id=\"2d6376b\" data-element_type=\"container\" data-settings=\"{&quot;content_width&quot;:&quot;boxed&quot;}\" data-core-v316-plus=\"true\">\n\t\t\t\t\t<div class=\"e-con-inner\">\n\t\t\t\t<div class=\"elementor-element elementor-element-69118068 elementor-widget elementor-widget-text-editor\" data-id=\"69118068\" data-element_type=\"widget\" data-widget_type=\"text-editor.default\">\n\t\t\t\t<div class=\"elementor-widget-container\">\n\t\t\t<style>\/*! elementor - v3.18.0 - 20-12-2023 *\/\n.elementor-widget-text-editor.elementor-drop-cap-view-stacked .elementor-drop-cap{background-color:#69727d;color:#fff}.elementor-widget-text-editor.elementor-drop-cap-view-framed .elementor-drop-cap{color:#69727d;border:3px solid;background-color:transparent}.elementor-widget-text-editor:not(.elementor-drop-cap-view-default) .elementor-drop-cap{margin-top:8px}.elementor-widget-text-editor:not(.elementor-drop-cap-view-default) .elementor-drop-cap-letter{width:1em;height:1em}.elementor-widget-text-editor .elementor-drop-cap{float:left;text-align:center;line-height:1;font-size:50px}.elementor-widget-text-editor .elementor-drop-cap-letter{display:inline-block}<\/style>\t\t\t\t<span>SFC Nitro olarak hedefimiz, patlay\u0131c\u0131 madde sekt\u00f6r\u00fcnde kullan\u0131labilecek her t\u00fcrl\u00fc aksesuar\u0131n, cihaz\u0131n ve emniyet malzemesinin en uygun fiyatlarla temin edilebilece\u011fi bir kaynak olmakt\u0131r. D\u00fcnyadaki geli\u015fmeleri yak\u0131ndan takip ederek sizlerin ihtiyac\u0131 olabilecek her t\u00fcrl\u00fc malzemeyi temin etme niyetindeyiz.<\/span>\t\t\t\t\t\t<\/div>\n\t\t\t\t<\/div>\n\t\t\t\t\t<\/div>\n\t\t\t\t<\/div>\n\t\t<div class=\"elementor-element elementor-element-7477dd6 e-flex e-con-boxed e-con e-parent\" data-id=\"7477dd6\" data-element_type=\"container\" data-settings=\"{&quot;content_width&quot;:&quot;boxed&quot;}\" data-core-v316-plus=\"true\">\n\t\t\t\t\t<div class=\"e-con-inner\">\n\t\t\t\t<div class=\"elementor-element elementor-element-3ce3894 elementor-widget elementor-widget-text-editor\" data-id=\"3ce3894\" data-element_type=\"widget\" data-widget_type=\"text-editor.default\">\n\t\t\t\t<div class=\"elementor-widget-container\">\n\t\t\t\t\t\t\t<p><span>Alfa Gamma dinamit ate\u015fleme cihazlar\u0131 \u00e7ok \u00f6zel tasar\u0131mlar\u0131 ve kullan\u0131m kolayl\u0131\u011f\u0131 ile 45 y\u0131ld\u0131r patlatmalar\u0131n\u0131z\u0131 en verimli \u015fekilde yapman\u0131za imkan tan\u0131maktad\u0131r. 1-300 Kaps\u00fcl patlatabilme kapasitesi olan Alfa Gamma manyetolar\u0131 her t\u00fcrl\u00fc ihtiyac\u0131n\u0131z\u0131 m\u00fckemmel bir \u015fekilde kar\u015f\u0131layabilmektedir. Alfa Gamma manyetolar\u0131 \u00f6zel olarak \u00fcretilmi\u015f dayan\u0131kl\u0131 kompozit ve d\u00f6k\u00fcm kutulardan olu\u015fmaktad\u0131r. Alfa Gamma servis imkan\u0131 sayesinde Alfa Gamma dinamit ate\u015fleme cihazlar\u0131n\u0131 ve ilgili aksesuarlar\u0131n\u0131 \u00e7ok uzun s\u00fcreli kullanabilme imkan\u0131na kolayl\u0131kla sahip olacaks\u0131n\u0131z.<\/span><\/p><p>Alfa Gamma elektronik manyetolar\u0131 ak\u00fcl\u00fcd\u00fcr. Manyetonun yan\u0131nda verilen 2 adet kablo ile ister \u015febekeden ister ara\u00e7 \u00e7akmak giri\u015finden manyetonuzu \u015farj edebilirsiniz.Kullan\u0131m talimatnamesi kullan\u0131m kolayl\u0131\u011f\u0131 i\u00e7in dinamit ate\u015fleme cihaz\u0131 \u00fczerindeki lazer ile yaz\u0131lm\u0131\u015f etikette bulunmaktad\u0131r.<br \/><br \/>Alfa Gamma kurmal\u0131 manyetolar\u0131nda al\u00fcminyum kutu ile maksimum dayan\u0131kl\u0131l\u0131k, \u00f6zel kurmal\u0131 mekanik yap\u0131 ile ate\u015f\u00e7iye maksimum kolayl\u0131k, \u00f6zel deri \u00e7anta ile izolasyon sorununa k\u00f6kten \u00e7\u00f6z\u00fcm ve kullan\u0131c\u0131ya ta\u015f\u0131ma kolayl\u0131\u011f\u0131 sa\u011flanm\u0131\u015ft\u0131r; ayr\u0131ca \u00f6zel yap\u0131m klemensler ile kablolar\u0131n manyetoya ba\u011flanabilmesi her zamankinden daha kolay olmu\u015ftur. Alfa Gamma kurmal\u0131 dinamit ate\u015fleme cihazlar\u0131 ile patlatma hi\u00e7 bu kadar basit olmam\u0131\u015ft\u0131.<\/p>\t\t\t\t\t\t<\/div>\n\t\t\t\t<\/div>\n\t\t\t\t\t<\/div>\n\t\t\t\t<\/div>\n\t\t<div class=\"elementor-element elementor-element-15c240b e-flex e-con-boxed e-con e-parent\" data-id=\"15c240b\" data-element_type=\"container\" data-settings=\"{&quot;content_width&quot;:&quot;boxed&quot;}\" data-core-v316-plus=\"true\">\n\t\t\t\t\t<div class=\"e-con-inner\">\n\t\t<div class=\"elementor-element elementor-element-6927c68 e-con-full e-flex e-con e-child\" data-id=\"6927c68\" data-element_type=\"container\" data-settings=\"{&quot;content_width&quot;:&quot;full&quot;}\">\n\t\t\t\t<div class=\"elementor-element elementor-element-4e61770 elementor-widget elementor-widget-image\" data-id=\"4e61770\" data-element_type=\"widget\" data-widget_type=\"image.default\">\n\t\t\t\t<div class=\"elementor-widget-container\">\n\t\t\t<style>\/*! elementor - v3.18.0 - 20-12-2023 *\/\n.elementor-widget-image{text-align:center}.elementor-widget-image a{display:inline-block}.elementor-widget-image a img[src$=\".svg\"]{width:48px}.elementor-widget-image img{vertical-align:middle;display:inline-block}<\/style>\t\t\t\t\t\t\t\t\t\t\t\t<img fetchpriority=\"high\" decoding=\"async\" width=\"804\" height=\"1024\" src=\"https:\/\/www.ankanitro.com.tr\/wp-content\/uploads\/2024\/01\/Elektronik-Manyeto-804x1024.jpg\" class=\"attachment-large size-large wp-image-48554\" alt=\"\" srcset=\"https:\/\/www.ankanitro.com.tr\/wp-content\/uploads\/2024\/01\/Elektronik-Manyeto-804x1024.jpg 804w, https:\/\/www.ankanitro.com.tr\/wp-content\/uploads\/2024\/01\/Elektronik-Manyeto-236x300.jpg 236w, https:\/\/www.ankanitro.com.tr\/wp-content\/uploads\/2024\/01\/Elektronik-Manyeto-768x978.jpg 768w, https:\/\/www.ankanitro.com.tr\/wp-content\/uploads\/2024\/01\/Elektronik-Manyeto.jpg 855w\" sizes=\"(max-width: 804px) 100vw, 804px\" \/>\t\t\t\t\t\t\t\t\t\t\t\t\t\t\t<\/div>\n\t\t\t\t<\/div>\n\t\t\t\t<\/div>\n\t\t<div class=\"elementor-element elementor-element-e108bf3 e-con-full e-flex e-con e-child\" data-id=\"e108bf3\" data-element_type=\"container\" data-settings=\"{&quot;content_width&quot;:&quot;full&quot;}\">\n\t\t\t\t<div class=\"elementor-element elementor-element-555a161 elementor-widget elementor-widget-image\" data-id=\"555a161\" data-element_type=\"widget\" data-widget_type=\"image.default\">\n\t\t\t\t<div class=\"elementor-widget-container\">\n\t\t\t\t\t\t\t\t\t\t\t\t\t\t\t<img decoding=\"async\" width=\"340\" height=\"408\" src=\"https:\/\/www.ankanitro.com.tr\/wp-content\/uploads\/2024\/01\/kurmalikollu-manyeto-3.jpg\" class=\"attachment-large size-large wp-image-48553\" alt=\"\" srcset=\"https:\/\/www.ankanitro.com.tr\/wp-content\/uploads\/2024\/01\/kurmalikollu-manyeto-3.jpg 340w, https:\/\/www.ankanitro.com.tr\/wp-content\/uploads\/2024\/01\/kurmalikollu-manyeto-3-250x300.jpg 250w, https:\/\/www.ankanitro.com.tr\/wp-content\/uploads\/2024\/01\/kurmalikollu-manyeto-3-150x180.jpg 150w\" sizes=\"(max-width: 340px) 100vw, 340px\" \/>\t\t\t\t\t\t\t\t\t\t\t\t\t\t\t<\/div>\n\t\t\t\t<\/div>\n\t\t\t\t<\/div>\n\t\t<div class=\"elementor-element elementor-element-763e93f e-con-full e-flex e-con e-child\" data-id=\"763e93f\" data-element_type=\"container\" data-settings=\"{&quot;content_width&quot;:&quot;full&quot;}\">\n\t\t\t\t<div class=\"elementor-element elementor-element-5e7880d elementor-widget elementor-widget-image\" data-id=\"5e7880d\" data-element_type=\"widget\" data-widget_type=\"image.default\">\n\t\t\t\t<div class=\"elementor-widget-container\">\n\t\t\t\t\t\t\t\t\t\t\t\t\t\t\t<img decoding=\"async\" width=\"967\" height=\"1024\" src=\"https:\/\/www.ankanitro.com.tr\/wp-content\/uploads\/2024\/01\/el-tipi-elektronik-manyeto-1-967x1024.jpg\" class=\"attachment-large size-large wp-image-48552\" alt=\"\" srcset=\"https:\/\/www.ankanitro.com.tr\/wp-content\/uploads\/2024\/01\/el-tipi-elektronik-manyeto-1-967x1024.jpg 967w, https:\/\/www.ankanitro.com.tr\/wp-content\/uploads\/2024\/01\/el-tipi-elektronik-manyeto-1-283x300.jpg 283w, https:\/\/www.ankanitro.com.tr\/wp-content\/uploads\/2024\/01\/el-tipi-elektronik-manyeto-1-768x814.jpg 768w, https:\/\/www.ankanitro.com.tr\/wp-content\/uploads\/2024\/01\/el-tipi-elektronik-manyeto-1.jpg 1383w\" sizes=\"(max-width: 967px) 100vw, 967px\" \/>\t\t\t\t\t\t\t\t\t\t\t\t\t\t\t<\/div>\n\t\t\t\t<\/div>\n\t\t\t\t<\/div>\n\t\t<div class=\"elementor-element elementor-element-a01f0c6 e-con-full e-flex e-con e-child\" data-id=\"a01f0c6\" data-element_type=\"container\" data-settings=\"{&quot;content_width&quot;:&quot;full&quot;}\">\n\t\t\t\t<div class=\"elementor-element elementor-element-b16677d elementor-widget elementor-widget-text-editor\" data-id=\"b16677d\" data-element_type=\"widget\" data-widget_type=\"text-editor.default\">\n\t\t\t\t<div class=\"elementor-widget-container\">\n\t\t\t\t\t\t\t<p><span>&#8211; ELEKTRON\u0130K MANYETO<\/span><br \/><br \/><span>\u2022 1-300 Kaps\u00fcl kapasite<\/span><br \/><span>\u2022 \u015earjl\u0131 sistem<\/span><br \/><span>\u2022 Dayan\u0131kl\u0131 ABS kutu<\/span><br \/><span>\u2022 Hem \u015febekeden hem de ara\u00e7 \u00e7akmak giri\u015finden \u015farj edilebilme<\/span><br \/><span>\u2022 \u00c7\u0131k\u0131\u015f gerilimi : 1000 Volt.<\/span><br \/><span>\u2022 R s\u0131n\u0131rlama : 27 ohm.<\/span><br \/><span>\u2022 R max : 500 ohm.<\/span><br \/><span>\u2022 Enerji : 25 Joules<\/span><\/p>\t\t\t\t\t\t<\/div>\n\t\t\t\t<\/div>\n\t\t\t\t<\/div>\n\t\t<div class=\"elementor-element elementor-element-b79e7ac e-con-full e-flex e-con e-child\" data-id=\"b79e7ac\" data-element_type=\"container\" data-settings=\"{&quot;content_width&quot;:&quot;full&quot;}\">\n\t\t\t\t<div class=\"elementor-element elementor-element-20a5064 elementor-widget elementor-widget-text-editor\" data-id=\"20a5064\" data-element_type=\"widget\" data-widget_type=\"text-editor.default\">\n\t\t\t\t<div class=\"elementor-widget-container\">\n\t\t\t\t\t\t\t<p><span>&#8211; KURMALI MANYETO<\/span><br \/><br \/><span>\u2022 1-300 Kaps\u00fcl kapasite<\/span><br \/><span>\u2022 Mekanik sistem<\/span><br \/><span>\u2022 Dayan\u0131kl\u0131 kutu<\/span><br \/><span>\u2022 \u00d6zel lambal\u0131 sistem<\/span><br \/><span>\u2022 \u00d6zel tasar\u0131m \u00e7anta ile<\/span><br \/><span>\u2022 kullan\u0131m kolayl\u0131\u011f\u0131<\/span><br \/><span>\u2022 Enerji : 50 Joules<\/span><br \/><span>\u2022 Voltaj : 1000V<\/span><br \/><span>\u2022 R max : 500 Ohm<\/span><\/p>\t\t\t\t\t\t<\/div>\n\t\t\t\t<\/div>\n\t\t\t\t<\/div>\n\t\t<div class=\"elementor-element elementor-element-b660074 e-con-full e-flex e-con e-child\" data-id=\"b660074\" data-element_type=\"container\" data-settings=\"{&quot;content_width&quot;:&quot;full&quot;}\">\n\t\t\t\t<div class=\"elementor-element elementor-element-8e3b10a elementor-widget elementor-widget-text-editor\" data-id=\"8e3b10a\" data-element_type=\"widget\" data-widget_type=\"text-editor.default\">\n\t\t\t\t<div class=\"elementor-widget-container\">\n\t\t\t\t\t\t\t<p><span>-EL T\u0130P\u0130 ELEKTRON\u0130K P\u0130LL\u0130<\/span><br \/><span>.BATARYALI MANYETO<\/span><br \/><br \/><span>\u2022 Az say\u0131da patlatma<\/span><br \/><span>yapanlar i\u00e7in ideal<\/span><br \/><span>\u2022 1-20 Kaps\u00fcl kapasite<\/span><br \/><span>\u2022 Pilli sistem (9V)Alkalin<\/span><br \/><span>\u2022 Dayan\u0131kl\u0131 kutu<\/span><br \/><span>\u2022 \u00d6zel tasar\u0131m \u00e7anta ile<\/span><br \/><span>\u2022 kullan\u0131m kolayl\u0131\u011f\u0131<\/span><br \/><span>\u2022 Nominal enerji : 3 Joules<\/span><br \/><span>\u2022 Voltaj : 200V<\/span><br \/><span>\u2022 Ak\u0131m s\u0131n\u0131r direnci :31 Ohm<\/span><br \/><span>\u2022 Y\u00fck direnci:Maks.50 Ohm.<\/span><br \/><span>\u2022 Y\u00fckleme:15 sn.<\/span><\/p>\t\t\t\t\t\t<\/div>\n\t\t\t\t<\/div>\n\t\t\t\t<\/div>\n\t\t\t\t\t<\/div>\n\t\t\t\t<\/div>\n\t\t\t\t\t\t\t<\/div>\n\t\t","protected":false},"excerpt":{"rendered":"<p>SFC Nitro olarak hedefimiz, patlay\u0131c\u0131 madde sekt\u00f6r\u00fcnde kullan\u0131labilecek her t\u00fcrl\u00fc aksesuar\u0131n, cihaz\u0131n ve emniyet malzemesinin en uygun fiyatlarla temin edilebilece\u011fi&#8230;<\/p>\n","protected":false},"author":1,"featured_media":0,"parent":48146,"menu_order":0,"comment_status":"closed","ping_status":"closed","template":"","meta":{"footnotes":""},"class_list":["post-48156","page","type-page","status-publish","hentry"],"_links":{"self":[{"href":"https:\/\/www.ankanitro.com.tr\/index.php\/wp-json\/wp\/v2\/pages\/48156","targetHints":{"allow":["GET"]}}],"collection":[{"href":"https:\/\/www.ankanitro.com.tr\/index.php\/wp-json\/wp\/v2\/pages"}],"about":[{"href":"https:\/\/www.ankanitro.com.tr\/index.php\/wp-json\/wp\/v2\/types\/page"}],"author":[{"embeddable":true,"href":"https:\/\/www.ankanitro.com.tr\/index.php\/wp-json\/wp\/v2\/users\/1"}],"replies":[{"embeddable":true,"href":"https:\/\/www.ankanitro.com.tr\/index.php\/wp-json\/wp\/v2\/comments?post=48156"}],"version-history":[{"count":6,"href":"https:\/\/www.ankanitro.com.tr\/index.php\/wp-json\/wp\/v2\/pages\/48156\/revisions"}],"predecessor-version":[{"id":48557,"href":"https:\/\/www.ankanitro.com.tr\/index.php\/wp-json\/wp\/v2\/pages\/48156\/revisions\/48557"}],"up":[{"embeddable":true,"href":"https:\/\/www.ankanitro.com.tr\/index.php\/wp-json\/wp\/v2\/pages\/48146"}],"wp:attachment":[{"href":"https:\/\/www.ankanitro.com.tr\/index.php\/wp-json\/wp\/v2\/media?parent=48156"}],"curies":[{"name":"wp","href":"https:\/\/api.w.org\/{rel}","templated":true}]}}