{"id":48251,"date":"2024-01-09T16:21:47","date_gmt":"2024-01-09T13:21:47","guid":{"rendered":"https:\/\/www.simgeasansor.com.tr\/ankanitro\/?page_id=48251"},"modified":"2024-01-09T17:18:46","modified_gmt":"2024-01-09T14:18:46","slug":"anfo-m","status":"publish","type":"page","link":"https:\/\/www.ankanitro.com.tr\/index.php\/urunler\/yemleme-duyarli-patlayicilar\/anfo-m\/","title":{"rendered":"ANFO-M"},"content":{"rendered":"\t\t<div data-elementor-type=\"wp-page\" data-elementor-id=\"48251\" class=\"elementor elementor-48251\" data-elementor-post-type=\"page\">\n\t\t\t\t\t\t\t<div class=\"elementor-element elementor-element-550c7f4 e-flex e-con-boxed e-con e-parent\" data-id=\"550c7f4\" data-element_type=\"container\" data-settings=\"{&quot;content_width&quot;:&quot;boxed&quot;}\" data-core-v316-plus=\"true\">\n\t\t\t\t\t<div class=\"e-con-inner\">\n\t\t<div class=\"elementor-element elementor-element-3d722b2 e-con-full e-flex e-con e-child\" data-id=\"3d722b2\" data-element_type=\"container\" data-settings=\"{&quot;content_width&quot;:&quot;full&quot;}\">\n\t\t\t\t<div class=\"elementor-element elementor-element-1a9190e elementor-widget elementor-widget-image\" data-id=\"1a9190e\" data-element_type=\"widget\" data-widget_type=\"image.default\">\n\t\t\t\t<div class=\"elementor-widget-container\">\n\t\t\t<style>\/*! elementor - v3.18.0 - 20-12-2023 *\/\n.elementor-widget-image{text-align:center}.elementor-widget-image a{display:inline-block}.elementor-widget-image a img[src$=\".svg\"]{width:48px}.elementor-widget-image img{vertical-align:middle;display:inline-block}<\/style>\t\t\t\t\t\t\t\t\t\t\t\t<img fetchpriority=\"high\" decoding=\"async\" width=\"1024\" height=\"768\" src=\"https:\/\/www.ankanitro.com.tr\/wp-content\/uploads\/2024\/01\/yemleme-duyarli-patlayicilar_4.jpg\" class=\"attachment-large size-large wp-image-48345\" alt=\"\" srcset=\"https:\/\/www.ankanitro.com.tr\/wp-content\/uploads\/2024\/01\/yemleme-duyarli-patlayicilar_4.jpg 1024w, https:\/\/www.ankanitro.com.tr\/wp-content\/uploads\/2024\/01\/yemleme-duyarli-patlayicilar_4-300x225.jpg 300w, https:\/\/www.ankanitro.com.tr\/wp-content\/uploads\/2024\/01\/yemleme-duyarli-patlayicilar_4-768x576.jpg 768w\" sizes=\"(max-width: 1024px) 100vw, 1024px\" \/>\t\t\t\t\t\t\t\t\t\t\t\t\t\t\t<\/div>\n\t\t\t\t<\/div>\n\t\t\t\t<\/div>\n\t\t<div class=\"elementor-element elementor-element-0c84e05 e-con-full e-flex e-con e-child\" data-id=\"0c84e05\" data-element_type=\"container\" data-settings=\"{&quot;content_width&quot;:&quot;full&quot;}\">\n\t\t\t\t<div class=\"elementor-element elementor-element-f23771c elementor-widget elementor-widget-text-editor\" data-id=\"f23771c\" data-element_type=\"widget\" data-widget_type=\"text-editor.default\">\n\t\t\t\t<div class=\"elementor-widget-container\">\n\t\t\t<style>\/*! elementor - v3.18.0 - 20-12-2023 *\/\n.elementor-widget-text-editor.elementor-drop-cap-view-stacked .elementor-drop-cap{background-color:#69727d;color:#fff}.elementor-widget-text-editor.elementor-drop-cap-view-framed .elementor-drop-cap{color:#69727d;border:3px solid;background-color:transparent}.elementor-widget-text-editor:not(.elementor-drop-cap-view-default) .elementor-drop-cap{margin-top:8px}.elementor-widget-text-editor:not(.elementor-drop-cap-view-default) .elementor-drop-cap-letter{width:1em;height:1em}.elementor-widget-text-editor .elementor-drop-cap{float:left;text-align:center;line-height:1;font-size:50px}.elementor-widget-text-editor .elementor-drop-cap-letter{display:inline-block}<\/style>\t\t\t\t<p>ANFO-M; yeralt\u0131 madencili\u011fi, kuru tavan deliklerinde, itme ve k\u0131rma \u00f6zelli\u011fi olan, kaps\u00fcle duyarl\u0131 patlay\u0131c\u0131lar ile ate\u015flenen bir patlay\u0131c\u0131d\u0131r.<\/p><p>\u015eirketimiz b\u00fcnyesinde geli\u015ftirilen t\u00fcm \u00fcr\u00fcnlerimiz Avrupa Birli\u011fi \u00fclkeleri ve ABD\u00b4de yo\u011fun olarak kullan\u0131lmakta olup, uyguland\u0131\u011f\u0131 kaya formasyonlar\u0131nda en uygun ve verimli \u00fcr\u00fcnlerdir.<\/p><h3><span>PERFORMANS<\/span><\/h3><p>Powergel S600, 650, 750, 1000 suya dayan\u0131kl\u0131 em\u00fclsiyon patlay\u0131c\u0131lard\u0131r. Poweran ve Anfo &#8211; M kuru deliklerde kullan\u0131lan em\u00fclsiyon patlay\u0131c\u0131lard\u0131r.<\/p><h3><span>Y\u00dcKSEK \u0130\u015e G\u00dcVENL\u0130\u011e\u0130<\/span><\/h3><p>Powergel S600, 650, 750, 1000 Poweran ve Anfo-M s\u00fcrt\u00fcnmeye ve darbeye kar\u015f\u0131 b\u00fcnyesinde nitrogliserin veya nitroglikol ihtiva eden patlay\u0131c\u0131lara oranla \u00e7ok daha duyars\u0131z ve g\u00fcvenlidir. Ayr\u0131ca, stoklama veya kullan\u0131m s\u0131ras\u0131nda, ba\u015f a\u011fr\u0131s\u0131 ve di\u011fer sa\u011fl\u0131k sorunlar\u0131na neden olmaz.<\/p>\t\t\t\t\t\t<\/div>\n\t\t\t\t<\/div>\n\t\t\t\t<\/div>\n\t\t\t\t\t<\/div>\n\t\t\t\t<\/div>\n\t\t<div class=\"elementor-element elementor-element-7aab9ac e-flex e-con-boxed e-con e-parent\" data-id=\"7aab9ac\" data-element_type=\"container\" data-settings=\"{&quot;content_width&quot;:&quot;boxed&quot;}\" data-core-v316-plus=\"true\">\n\t\t\t\t\t<div class=\"e-con-inner\">\n\t\t\t\t<div class=\"elementor-element elementor-element-48e011b elementor-tabs-view-horizontal elementor-widget elementor-widget-tabs\" data-id=\"48e011b\" data-element_type=\"widget\" data-widget_type=\"tabs.default\">\n\t\t\t\t<div class=\"elementor-widget-container\">\n\t\t\t<style>\/*! elementor - v3.18.0 - 20-12-2023 *\/\n.elementor-widget-tabs.elementor-tabs-view-vertical .elementor-tabs-wrapper{width:25%;flex-shrink:0}.elementor-widget-tabs.elementor-tabs-view-vertical .elementor-tab-desktop-title.elementor-active{border-right-style:none}.elementor-widget-tabs.elementor-tabs-view-vertical .elementor-tab-desktop-title.elementor-active:after,.elementor-widget-tabs.elementor-tabs-view-vertical .elementor-tab-desktop-title.elementor-active:before{height:999em;width:0;right:0;border-right-style:solid}.elementor-widget-tabs.elementor-tabs-view-vertical .elementor-tab-desktop-title.elementor-active:before{top:0;transform:translateY(-100%)}.elementor-widget-tabs.elementor-tabs-view-vertical .elementor-tab-desktop-title.elementor-active:after{top:100%}.elementor-widget-tabs.elementor-tabs-view-horizontal .elementor-tab-desktop-title{display:table-cell}.elementor-widget-tabs.elementor-tabs-view-horizontal .elementor-tab-desktop-title.elementor-active{border-bottom-style:none}.elementor-widget-tabs.elementor-tabs-view-horizontal .elementor-tab-desktop-title.elementor-active:after,.elementor-widget-tabs.elementor-tabs-view-horizontal .elementor-tab-desktop-title.elementor-active:before{bottom:0;height:0;width:999em;border-bottom-style:solid}.elementor-widget-tabs.elementor-tabs-view-horizontal .elementor-tab-desktop-title.elementor-active:before{right:100%}.elementor-widget-tabs.elementor-tabs-view-horizontal .elementor-tab-desktop-title.elementor-active:after{left:100%}.elementor-widget-tabs .elementor-tab-content,.elementor-widget-tabs .elementor-tab-title,.elementor-widget-tabs .elementor-tab-title:after,.elementor-widget-tabs .elementor-tab-title:before,.elementor-widget-tabs .elementor-tabs-content-wrapper{border:1px #d5d8dc}.elementor-widget-tabs .elementor-tabs{text-align:left}.elementor-widget-tabs .elementor-tabs-wrapper{overflow:hidden}.elementor-widget-tabs .elementor-tab-title{cursor:pointer;outline:var(--focus-outline,none)}.elementor-widget-tabs .elementor-tab-desktop-title{position:relative;padding:20px 25px;font-weight:700;line-height:1;border:solid transparent}.elementor-widget-tabs .elementor-tab-desktop-title.elementor-active{border-color:#d5d8dc}.elementor-widget-tabs .elementor-tab-desktop-title.elementor-active:after,.elementor-widget-tabs .elementor-tab-desktop-title.elementor-active:before{display:block;content:\"\";position:absolute}.elementor-widget-tabs .elementor-tab-desktop-title:focus-visible{border:1px solid #000}.elementor-widget-tabs .elementor-tab-mobile-title{padding:10px;cursor:pointer}.elementor-widget-tabs .elementor-tab-content{padding:20px;display:none}@media (max-width:767px){.elementor-tabs .elementor-tab-content,.elementor-tabs .elementor-tab-title{border-style:solid solid none}.elementor-tabs .elementor-tabs-wrapper{display:none}.elementor-tabs .elementor-tabs-content-wrapper{border-bottom-style:solid}.elementor-tabs .elementor-tab-content{padding:10px}}@media (min-width:768px){.elementor-widget-tabs.elementor-tabs-view-vertical .elementor-tabs{display:flex}.elementor-widget-tabs.elementor-tabs-view-vertical .elementor-tabs-wrapper{flex-direction:column}.elementor-widget-tabs.elementor-tabs-view-vertical .elementor-tabs-content-wrapper{flex-grow:1;border-style:solid solid solid none}.elementor-widget-tabs.elementor-tabs-view-horizontal .elementor-tab-content{border-style:none solid solid}.elementor-widget-tabs.elementor-tabs-alignment-center .elementor-tabs-wrapper,.elementor-widget-tabs.elementor-tabs-alignment-end .elementor-tabs-wrapper,.elementor-widget-tabs.elementor-tabs-alignment-stretch .elementor-tabs-wrapper{display:flex}.elementor-widget-tabs.elementor-tabs-alignment-center .elementor-tabs-wrapper{justify-content:center}.elementor-widget-tabs.elementor-tabs-alignment-end .elementor-tabs-wrapper{justify-content:flex-end}.elementor-widget-tabs.elementor-tabs-alignment-stretch.elementor-tabs-view-horizontal .elementor-tab-title{width:100%}.elementor-widget-tabs.elementor-tabs-alignment-stretch.elementor-tabs-view-vertical .elementor-tab-title{height:100%}.elementor-tabs .elementor-tab-mobile-title{display:none}}<\/style>\t\t<div class=\"elementor-tabs\">\n\t\t\t<div class=\"elementor-tabs-wrapper\" role=\"tablist\" >\n\t\t\t\t\t\t\t\t\t<div id=\"elementor-tab-title-7641\" class=\"elementor-tab-title elementor-tab-desktop-title\" aria-selected=\"true\" data-tab=\"1\" role=\"tab\" tabindex=\"0\" aria-controls=\"elementor-tab-content-7641\" aria-expanded=\"false\">Teknik \u00d6zellikler<\/div>\n\t\t\t\t\t\t\t\t\t<div id=\"elementor-tab-title-7642\" class=\"elementor-tab-title elementor-tab-desktop-title\" aria-selected=\"false\" data-tab=\"2\" role=\"tab\" tabindex=\"-1\" aria-controls=\"elementor-tab-content-7642\" aria-expanded=\"false\">Ambalaj<\/div>\n\t\t\t\t\t\t\t\t\t<div id=\"elementor-tab-title-7643\" class=\"elementor-tab-title elementor-tab-desktop-title\" aria-selected=\"false\" data-tab=\"3\" role=\"tab\" tabindex=\"-1\" aria-controls=\"elementor-tab-content-7643\" aria-expanded=\"false\">Depolama ve Ta\u015f\u0131ma<\/div>\n\t\t\t\t\t\t\t\t\t<div id=\"elementor-tab-title-7644\" class=\"elementor-tab-title elementor-tab-desktop-title\" aria-selected=\"false\" data-tab=\"4\" role=\"tab\" tabindex=\"-1\" aria-controls=\"elementor-tab-content-7644\" aria-expanded=\"false\">Ate\u015fleme ve Doldurma<\/div>\n\t\t\t\t\t\t\t\t\t<div id=\"elementor-tab-title-7645\" class=\"elementor-tab-title elementor-tab-desktop-title\" aria-selected=\"false\" data-tab=\"5\" role=\"tab\" tabindex=\"-1\" aria-controls=\"elementor-tab-content-7645\" aria-expanded=\"false\">\u00dcr\u00fcn Boyutlar\u0131<\/div>\n\t\t\t\t\t\t\t<\/div>\n\t\t\t<div class=\"elementor-tabs-content-wrapper\" role=\"tablist\" aria-orientation=\"vertical\">\n\t\t\t\t\t\t\t\t\t<div class=\"elementor-tab-title elementor-tab-mobile-title\" aria-selected=\"true\" data-tab=\"1\" role=\"tab\" tabindex=\"0\" aria-controls=\"elementor-tab-content-7641\" aria-expanded=\"false\">Teknik \u00d6zellikler<\/div>\n\t\t\t\t\t<div id=\"elementor-tab-content-7641\" class=\"elementor-tab-content elementor-clearfix\" data-tab=\"1\" role=\"tabpanel\" aria-labelledby=\"elementor-tab-title-7641\" tabindex=\"0\" hidden=\"false\"><table border=\"1\" cellpadding=\"1\" cellspacing=\"1\"><tbody><tr><td><strong>TEKN\u0130K \u00d6ZELL\u0130KLER<\/strong><\/td><td><strong>Powergel S\u00fcper 600<\/strong><\/td><td><strong>Powergel 650<\/strong><\/td><td><strong>Powergel 750<\/strong><\/td><td><strong>Powergel 1000<\/strong><\/td><td><strong>Poweran<\/strong><\/td><td><strong>ANFO-M<\/strong><\/td><\/tr><tr><td><strong>\u0130deal Patlama H\u0131z\u0131<\/strong><\/td><td>6550 m\/s<\/td><td>6440 m\/s<\/td><td>6360 m\/s<\/td><td>6090 m\/s<\/td><td>3570 m\/s<\/td><td>5180 m\/s<\/td><\/tr><tr><td><strong>\u0130deal Patlatma Bas\u0131nc\u0131<\/strong><\/td><td>13150 atm<\/td><td>12650 atm<\/td><td>12290 atm<\/td><td>10950 atm<\/td><td>1920 atm<\/td><td>6210 atm<\/td><\/tr><tr><td><strong>\u0130deal Patlatma S\u0131cakl\u0131\u011f\u0131<\/strong><\/td><td>2245\u00ba K<\/td><td>2190\u00ba K<\/td><td>2112\u00ba K<\/td><td>2032\u00ba K<\/td><td>2855\u00ba K<\/td><td>2853\u00ba K<\/td><\/tr><tr><td><strong>Yo\u011funluk<\/strong><\/td><td>1.24 gr\/cm\u00b3<\/td><td>1.25 gr\/cm\u00b3<\/td><td>1.25 gr\/cm\u00b3<\/td><td>1.23 gr\/cm\u00b3<\/td><td>0.51 gr\/cm\u00b3<\/td><td>0.90 gr\/cm\u00b3<\/td><\/tr><tr><td><strong>Suya Dayan\u0131kl\u0131l\u0131k<\/strong><\/td><td>\u00c7ok \u0130yi<\/td><td>\u00c7ok \u0130yi<\/td><td>\u00c7ok \u0130yi<\/td><td>\u00c7ok \u0130yi<\/td><td>\u0130yi De\u011fil<\/td><td>\u0130yi De\u011fil<\/td><\/tr><tr><td><strong>\u0130deal Patlama Is\u0131s\u0131<\/strong><\/td><td>3050 Kj\/Kg<\/td><td>2910 Kj\/Kg<\/td><td>2750 Kj\/Kg<\/td><td>2530 Kj\/Kg<\/td><td>3380 Kj\/Kg<\/td><td>3590 Kj\/Kg<\/td><\/tr><tr><td><strong>\u0130deal Gaz Hacmi<\/strong><\/td><td>990 Lt\/Kg<\/td><td>966 Lt\/Kg<\/td><td>962 Lt\/Kg<\/td><td>943 Lt\/Kg<\/td><td>1008 Lt\/Kg<\/td><td>981 Lt\/Kg<\/td><\/tr><tr><td><strong>ANFO&#8217;ya g\u00f6re Efektif Enerji<\/strong><\/td><td>%110<\/td><td>%104<\/td><td>%99<\/td><td>%89<\/td><td>%70<\/td><td>%102<\/td><\/tr><tr><td><strong>ANFO&#8217;ya g\u00f6re Bulk Strenght<\/strong><\/td><td>%170<\/td><td>%162<\/td><td>%155<\/td><td>%137<\/td><td>%45<\/td><td>%115<\/td><\/tr><tr><td><strong>Tavsiye Edilen Kullanma Alan\u0131<\/strong><\/td><td>Yumu\u015fak Formasyon<\/td><td>Orta Sert Formasyon<\/td><td>Sert Formasyon<\/td><td>\u00c7ok Sert Formasyon<\/td><td>\u00c7ok Yumu\u015fak (Marn) Formasyon<\/td><td>Yeralt\u0131 Madencili\u011fi (Tavan Deliklerinde)<\/td><\/tr><\/tbody><\/table><\/div>\n\t\t\t\t\t\t\t\t\t<div class=\"elementor-tab-title elementor-tab-mobile-title\" aria-selected=\"false\" data-tab=\"2\" role=\"tab\" tabindex=\"-1\" aria-controls=\"elementor-tab-content-7642\" aria-expanded=\"false\">Ambalaj<\/div>\n\t\t\t\t\t<div id=\"elementor-tab-content-7642\" class=\"elementor-tab-content elementor-clearfix\" data-tab=\"2\" role=\"tabpanel\" aria-labelledby=\"elementor-tab-title-7642\" tabindex=\"0\" hidden=\"hidden\"><p><span>Powergel S600, 650, 750, 1000, Net: 20 Kg\u2019l\u0131k i\u00e7ten destekli karton kutularda, Poweran ve Anfo-M Net: 25 Kg\u2019l\u0131k PP ve PE torbalarda.<\/span><\/p><p><\/p><\/div>\n\t\t\t\t\t\t\t\t\t<div class=\"elementor-tab-title elementor-tab-mobile-title\" aria-selected=\"false\" data-tab=\"3\" role=\"tab\" tabindex=\"-1\" aria-controls=\"elementor-tab-content-7643\" aria-expanded=\"false\">Depolama ve Ta\u015f\u0131ma<\/div>\n\t\t\t\t\t<div id=\"elementor-tab-content-7643\" class=\"elementor-tab-content elementor-clearfix\" data-tab=\"3\" role=\"tabpanel\" aria-labelledby=\"elementor-tab-title-7643\" tabindex=\"0\" hidden=\"hidden\"><p>Kuru, iyi havaland\u0131r\u0131lm\u0131\u015f, 87\/12028 say\u0131l\u0131 t\u00fcz\u00fck h\u00fck\u00fcmlerine uygun depolarda depolanmal\u0131d\u0131r.<\/p><p>S\u0131n\u0131f 1.1 D, U.N. No. 0241<br \/>Patlay\u0131c\u0131 madde Tip E.<\/p><\/div>\n\t\t\t\t\t\t\t\t\t<div class=\"elementor-tab-title elementor-tab-mobile-title\" aria-selected=\"false\" data-tab=\"4\" role=\"tab\" tabindex=\"-1\" aria-controls=\"elementor-tab-content-7644\" aria-expanded=\"false\">Ate\u015fleme ve Doldurma<\/div>\n\t\t\t\t\t<div id=\"elementor-tab-content-7644\" class=\"elementor-tab-content elementor-clearfix\" data-tab=\"4\" role=\"tabpanel\" aria-labelledby=\"elementor-tab-title-7644\" tabindex=\"0\" hidden=\"hidden\"><p><span>Powergel S600, 650, 750, 1000, Poweran ve Anfo-M kaps\u00fcle duyarl\u0131 patlay\u0131c\u0131lar (Powergel Magnum ve Magnum 365 veya dinamit) ile ate\u015flenir. Delik dolumunda kartu\u015flar\u0131n yanlar\u0131ndan kesilerek \u015farj edilmesi, delik kesitinin patlay\u0131c\u0131 ile kaplanmas\u0131n\u0131 sa\u011flayacak ve patlatma performans\u0131n\u0131 maksimuma \u00e7\u0131karacakt\u0131r.<\/span><\/p><\/div>\n\t\t\t\t\t\t\t\t\t<div class=\"elementor-tab-title elementor-tab-mobile-title\" aria-selected=\"false\" data-tab=\"5\" role=\"tab\" tabindex=\"-1\" aria-controls=\"elementor-tab-content-7645\" aria-expanded=\"false\">\u00dcr\u00fcn Boyutlar\u0131<\/div>\n\t\t\t\t\t<div id=\"elementor-tab-content-7645\" class=\"elementor-tab-content elementor-clearfix\" data-tab=\"5\" role=\"tabpanel\" aria-labelledby=\"elementor-tab-title-7645\" tabindex=\"0\" hidden=\"hidden\"><table border=\"1\" cellpadding=\"1\" cellspacing=\"1\"><tbody><tr><td><strong>Standart Boyutlar<\/strong><\/td><td><strong>Kartu\u015f A\u011f\u0131rl\u0131klar\u0131<\/strong><\/td><\/tr><tr><td>65&#215;500 mm<\/td><td>2 Kg<\/td><\/tr><tr><td>75&#215;450 mm<\/td><td>2,5 Kg<\/td><\/tr><tr><td>85&#215;500 mm<\/td><td>3,3 Kg<\/td><\/tr><tr><td>90&#215;500 mm<\/td><td>4 Kg<\/td><\/tr><tr><td>125&#215;650 mm<\/td><td>10 Kg<\/td><\/tr><tr><td>140&#215;520 mm<\/td><td>10 Kg<\/td><\/tr><\/tbody><\/table><\/div>\n\t\t\t\t\t\t\t<\/div>\n\t\t<\/div>\n\t\t\t\t<\/div>\n\t\t\t\t<\/div>\n\t\t\t\t\t<\/div>\n\t\t\t\t<\/div>\n\t\t\t\t\t\t\t<\/div>\n\t\t","protected":false},"excerpt":{"rendered":"<p>ANFO-M; yeralt\u0131 madencili\u011fi, kuru tavan deliklerinde, itme ve k\u0131rma \u00f6zelli\u011fi olan, kaps\u00fcle duyarl\u0131 patlay\u0131c\u0131lar ile ate\u015flenen bir patlay\u0131c\u0131d\u0131r. \u015eirketimiz b\u00fcnyesinde&#8230;<\/p>\n","protected":false},"author":1,"featured_media":48345,"parent":48148,"menu_order":0,"comment_status":"closed","ping_status":"closed","template":"","meta":{"footnotes":""},"class_list":["post-48251","page","type-page","status-publish","has-post-thumbnail","hentry"],"_links":{"self":[{"href":"https:\/\/www.ankanitro.com.tr\/index.php\/wp-json\/wp\/v2\/pages\/48251","targetHints":{"allow":["GET"]}}],"collection":[{"href":"https:\/\/www.ankanitro.com.tr\/index.php\/wp-json\/wp\/v2\/pages"}],"about":[{"href":"https:\/\/www.ankanitro.com.tr\/index.php\/wp-json\/wp\/v2\/types\/page"}],"author":[{"embeddable":true,"href":"https:\/\/www.ankanitro.com.tr\/index.php\/wp-json\/wp\/v2\/users\/1"}],"replies":[{"embeddable":true,"href":"https:\/\/www.ankanitro.com.tr\/index.php\/wp-json\/wp\/v2\/comments?post=48251"}],"version-history":[{"count":8,"href":"https:\/\/www.ankanitro.com.tr\/index.php\/wp-json\/wp\/v2\/pages\/48251\/revisions"}],"predecessor-version":[{"id":48349,"href":"https:\/\/www.ankanitro.com.tr\/index.php\/wp-json\/wp\/v2\/pages\/48251\/revisions\/48349"}],"up":[{"embeddable":true,"href":"https:\/\/www.ankanitro.com.tr\/index.php\/wp-json\/wp\/v2\/pages\/48148"}],"wp:featuredmedia":[{"embeddable":true,"href":"https:\/\/www.ankanitro.com.tr\/index.php\/wp-json\/wp\/v2\/media\/48345"}],"wp:attachment":[{"href":"https:\/\/www.ankanitro.com.tr\/index.php\/wp-json\/wp\/v2\/media?parent=48251"}],"curies":[{"name":"wp","href":"https:\/\/api.w.org\/{rel}","templated":true}]}}