{"id":48267,"date":"2024-01-09T16:28:38","date_gmt":"2024-01-09T13:28:38","guid":{"rendered":"https:\/\/www.simgeasansor.com.tr\/ankanitro\/?page_id=48267"},"modified":"2024-01-09T18:01:45","modified_gmt":"2024-01-09T15:01:45","slug":"powergel-magnum-365","status":"publish","type":"page","link":"https:\/\/www.ankanitro.com.tr\/index.php\/urunler\/kapsule-duyarli-patlayicilar\/powergel-magnum-365\/","title":{"rendered":"Powergel Magnum 365"},"content":{"rendered":"\t\t<div data-elementor-type=\"wp-page\" data-elementor-id=\"48267\" class=\"elementor elementor-48267\" data-elementor-post-type=\"page\">\n\t\t\t\t\t\t\t<div class=\"elementor-element elementor-element-d8b6a54 e-flex e-con-boxed e-con e-parent\" data-id=\"d8b6a54\" data-element_type=\"container\" data-settings=\"{&quot;content_width&quot;:&quot;boxed&quot;}\" data-core-v316-plus=\"true\">\n\t\t\t\t\t<div class=\"e-con-inner\">\n\t\t<div class=\"elementor-element elementor-element-c309037 e-con-full e-flex e-con e-child\" data-id=\"c309037\" data-element_type=\"container\" data-settings=\"{&quot;content_width&quot;:&quot;full&quot;}\">\n\t\t\t\t<div class=\"elementor-element elementor-element-1c9a560 elementor-widget elementor-widget-image\" data-id=\"1c9a560\" data-element_type=\"widget\" data-widget_type=\"image.default\">\n\t\t\t\t<div class=\"elementor-widget-container\">\n\t\t\t<style>\/*! elementor - v3.18.0 - 20-12-2023 *\/\n.elementor-widget-image{text-align:center}.elementor-widget-image a{display:inline-block}.elementor-widget-image a img[src$=\".svg\"]{width:48px}.elementor-widget-image img{vertical-align:middle;display:inline-block}<\/style>\t\t\t\t\t\t\t\t\t\t\t\t<img fetchpriority=\"high\" decoding=\"async\" width=\"1024\" height=\"768\" src=\"https:\/\/www.ankanitro.com.tr\/wp-content\/uploads\/2024\/01\/Powergel-Magnum-365.jpg\" class=\"attachment-large size-large wp-image-48447\" alt=\"\" srcset=\"https:\/\/www.ankanitro.com.tr\/wp-content\/uploads\/2024\/01\/Powergel-Magnum-365.jpg 1024w, https:\/\/www.ankanitro.com.tr\/wp-content\/uploads\/2024\/01\/Powergel-Magnum-365-300x225.jpg 300w, https:\/\/www.ankanitro.com.tr\/wp-content\/uploads\/2024\/01\/Powergel-Magnum-365-768x576.jpg 768w\" sizes=\"(max-width: 1024px) 100vw, 1024px\" \/>\t\t\t\t\t\t\t\t\t\t\t\t\t\t\t<\/div>\n\t\t\t\t<\/div>\n\t\t\t\t<\/div>\n\t\t<div class=\"elementor-element elementor-element-cd95762 e-con-full e-flex e-con e-child\" data-id=\"cd95762\" data-element_type=\"container\" data-settings=\"{&quot;content_width&quot;:&quot;full&quot;}\">\n\t\t\t\t<div class=\"elementor-element elementor-element-8acbf0b elementor-widget elementor-widget-text-editor\" data-id=\"8acbf0b\" data-element_type=\"widget\" data-widget_type=\"text-editor.default\">\n\t\t\t\t<div class=\"elementor-widget-container\">\n\t\t\t<style>\/*! elementor - v3.18.0 - 20-12-2023 *\/\n.elementor-widget-text-editor.elementor-drop-cap-view-stacked .elementor-drop-cap{background-color:#69727d;color:#fff}.elementor-widget-text-editor.elementor-drop-cap-view-framed .elementor-drop-cap{color:#69727d;border:3px solid;background-color:transparent}.elementor-widget-text-editor:not(.elementor-drop-cap-view-default) .elementor-drop-cap{margin-top:8px}.elementor-widget-text-editor:not(.elementor-drop-cap-view-default) .elementor-drop-cap-letter{width:1em;height:1em}.elementor-widget-text-editor .elementor-drop-cap{float:left;text-align:center;line-height:1;font-size:50px}.elementor-widget-text-editor .elementor-drop-cap-letter{display:inline-block}<\/style>\t\t\t\t<p>T\u00fcneller, yeralt\u0131 ve yer\u00fcst\u00fc madencilik \u00e7al\u0131\u015fmalar\u0131 i\u00e7in tasarlanm\u0131\u015f, d\u00fcnyada bilinen en kuvvetli em\u00fclsiyon patlay\u0131c\u0131d\u0131r. Sert formasyonlarda maksimum verim ve ekonomi sa\u011flar. Nitrogliserin bazl\u0131 patlay\u0131c\u0131larla birebir performans \u00f6zellikleri g\u00f6steren Powergel Magnum 365, y\u00fcksek i\u015f g\u00fcvenli\u011fi sa\u011flar.<\/p><h3><span>Y\u00dcKSEK G\u00dc\u00c7<\/span><\/h3><p>Avrupa Birli\u011fi \u00fclkeleri ve ABD \u2018nin 2000\u00b4li y\u0131llar\u0131n ba\u015f\u0131nda kullanmaya ba\u015flad\u0131\u011f\u0131 yeni form\u00fclasyonlu Powergel Magnum 365, mevcut em\u00fclsiyon patlay\u0131c\u0131lar aras\u0131nda en y\u00fcksek \u015fok ve \u00f6teleme \u00f6zelliklerine sahiptir.<\/p><h3><span>ETK\u0130L\u0130 PERFORMANS<\/span><\/h3><p>Powergel Magnum 365, art\u0131r\u0131lm\u0131\u015f etkili enerjisiyle di\u011fer em\u00fclsiyon bazl\u0131 patlay\u0131c\u0131lara g\u00f6re \u00f6zellikle yeralt\u0131 patlatmalar\u0131nda performans\u0131 en y\u00fcksek \u00fcr\u00fcnd\u00fcr.<\/p><h3><span>Y\u00dcKSEK \u0130\u015e G\u00dcVENL\u0130\u011e\u0130<\/span><\/h3><p>Powergel Magnum 365, \u00fcst\u00fcn performans\u0131n\u0131n yan\u0131 s\u0131ra y\u00fcksek i\u015f g\u00fcvenli\u011fi \u00f6zelliklerine sahiptir. S\u00fcrt\u00fcnme, darbe ve di\u011fer mekanik etkilerle patlatmaya kar\u015f\u0131 son derece g\u00fcvenli olup, suya kar\u015f\u0131 \u00e7ok diren\u00e7lidir.<\/p>\t\t\t\t\t\t<\/div>\n\t\t\t\t<\/div>\n\t\t\t\t<\/div>\n\t\t\t\t\t<\/div>\n\t\t\t\t<\/div>\n\t\t<div class=\"elementor-element elementor-element-d150321 e-flex e-con-boxed e-con e-parent\" data-id=\"d150321\" data-element_type=\"container\" data-settings=\"{&quot;content_width&quot;:&quot;boxed&quot;}\" data-core-v316-plus=\"true\">\n\t\t\t\t\t<div class=\"e-con-inner\">\n\t\t\t\t<div class=\"elementor-element elementor-element-fb08d2f elementor-tabs-view-horizontal elementor-widget elementor-widget-tabs\" data-id=\"fb08d2f\" data-element_type=\"widget\" data-widget_type=\"tabs.default\">\n\t\t\t\t<div class=\"elementor-widget-container\">\n\t\t\t<style>\/*! elementor - v3.18.0 - 20-12-2023 *\/\n.elementor-widget-tabs.elementor-tabs-view-vertical .elementor-tabs-wrapper{width:25%;flex-shrink:0}.elementor-widget-tabs.elementor-tabs-view-vertical .elementor-tab-desktop-title.elementor-active{border-right-style:none}.elementor-widget-tabs.elementor-tabs-view-vertical .elementor-tab-desktop-title.elementor-active:after,.elementor-widget-tabs.elementor-tabs-view-vertical .elementor-tab-desktop-title.elementor-active:before{height:999em;width:0;right:0;border-right-style:solid}.elementor-widget-tabs.elementor-tabs-view-vertical .elementor-tab-desktop-title.elementor-active:before{top:0;transform:translateY(-100%)}.elementor-widget-tabs.elementor-tabs-view-vertical .elementor-tab-desktop-title.elementor-active:after{top:100%}.elementor-widget-tabs.elementor-tabs-view-horizontal .elementor-tab-desktop-title{display:table-cell}.elementor-widget-tabs.elementor-tabs-view-horizontal .elementor-tab-desktop-title.elementor-active{border-bottom-style:none}.elementor-widget-tabs.elementor-tabs-view-horizontal .elementor-tab-desktop-title.elementor-active:after,.elementor-widget-tabs.elementor-tabs-view-horizontal .elementor-tab-desktop-title.elementor-active:before{bottom:0;height:0;width:999em;border-bottom-style:solid}.elementor-widget-tabs.elementor-tabs-view-horizontal .elementor-tab-desktop-title.elementor-active:before{right:100%}.elementor-widget-tabs.elementor-tabs-view-horizontal .elementor-tab-desktop-title.elementor-active:after{left:100%}.elementor-widget-tabs .elementor-tab-content,.elementor-widget-tabs .elementor-tab-title,.elementor-widget-tabs .elementor-tab-title:after,.elementor-widget-tabs .elementor-tab-title:before,.elementor-widget-tabs .elementor-tabs-content-wrapper{border:1px #d5d8dc}.elementor-widget-tabs .elementor-tabs{text-align:left}.elementor-widget-tabs .elementor-tabs-wrapper{overflow:hidden}.elementor-widget-tabs .elementor-tab-title{cursor:pointer;outline:var(--focus-outline,none)}.elementor-widget-tabs .elementor-tab-desktop-title{position:relative;padding:20px 25px;font-weight:700;line-height:1;border:solid transparent}.elementor-widget-tabs .elementor-tab-desktop-title.elementor-active{border-color:#d5d8dc}.elementor-widget-tabs .elementor-tab-desktop-title.elementor-active:after,.elementor-widget-tabs .elementor-tab-desktop-title.elementor-active:before{display:block;content:\"\";position:absolute}.elementor-widget-tabs .elementor-tab-desktop-title:focus-visible{border:1px solid #000}.elementor-widget-tabs .elementor-tab-mobile-title{padding:10px;cursor:pointer}.elementor-widget-tabs .elementor-tab-content{padding:20px;display:none}@media (max-width:767px){.elementor-tabs .elementor-tab-content,.elementor-tabs .elementor-tab-title{border-style:solid solid none}.elementor-tabs .elementor-tabs-wrapper{display:none}.elementor-tabs .elementor-tabs-content-wrapper{border-bottom-style:solid}.elementor-tabs .elementor-tab-content{padding:10px}}@media (min-width:768px){.elementor-widget-tabs.elementor-tabs-view-vertical .elementor-tabs{display:flex}.elementor-widget-tabs.elementor-tabs-view-vertical .elementor-tabs-wrapper{flex-direction:column}.elementor-widget-tabs.elementor-tabs-view-vertical .elementor-tabs-content-wrapper{flex-grow:1;border-style:solid solid solid none}.elementor-widget-tabs.elementor-tabs-view-horizontal .elementor-tab-content{border-style:none solid solid}.elementor-widget-tabs.elementor-tabs-alignment-center .elementor-tabs-wrapper,.elementor-widget-tabs.elementor-tabs-alignment-end .elementor-tabs-wrapper,.elementor-widget-tabs.elementor-tabs-alignment-stretch .elementor-tabs-wrapper{display:flex}.elementor-widget-tabs.elementor-tabs-alignment-center .elementor-tabs-wrapper{justify-content:center}.elementor-widget-tabs.elementor-tabs-alignment-end .elementor-tabs-wrapper{justify-content:flex-end}.elementor-widget-tabs.elementor-tabs-alignment-stretch.elementor-tabs-view-horizontal .elementor-tab-title{width:100%}.elementor-widget-tabs.elementor-tabs-alignment-stretch.elementor-tabs-view-vertical .elementor-tab-title{height:100%}.elementor-tabs .elementor-tab-mobile-title{display:none}}<\/style>\t\t<div class=\"elementor-tabs\">\n\t\t\t<div class=\"elementor-tabs-wrapper\" role=\"tablist\" >\n\t\t\t\t\t\t\t\t\t<div id=\"elementor-tab-title-2631\" class=\"elementor-tab-title elementor-tab-desktop-title\" aria-selected=\"true\" data-tab=\"1\" role=\"tab\" tabindex=\"0\" aria-controls=\"elementor-tab-content-2631\" aria-expanded=\"false\">Teknik \u00d6zellikler<\/div>\n\t\t\t\t\t\t\t\t\t<div id=\"elementor-tab-title-2632\" class=\"elementor-tab-title elementor-tab-desktop-title\" aria-selected=\"false\" data-tab=\"2\" role=\"tab\" tabindex=\"-1\" aria-controls=\"elementor-tab-content-2632\" aria-expanded=\"false\">Ambalaj<\/div>\n\t\t\t\t\t\t\t\t\t<div id=\"elementor-tab-title-2633\" class=\"elementor-tab-title elementor-tab-desktop-title\" aria-selected=\"false\" data-tab=\"3\" role=\"tab\" tabindex=\"-1\" aria-controls=\"elementor-tab-content-2633\" aria-expanded=\"false\">Depolama ve Ta\u015f\u0131ma<\/div>\n\t\t\t\t\t\t\t\t\t<div id=\"elementor-tab-title-2634\" class=\"elementor-tab-title elementor-tab-desktop-title\" aria-selected=\"false\" data-tab=\"4\" role=\"tab\" tabindex=\"-1\" aria-controls=\"elementor-tab-content-2634\" aria-expanded=\"false\">Ate\u015fleme<\/div>\n\t\t\t\t\t\t\t\t\t<div id=\"elementor-tab-title-2635\" class=\"elementor-tab-title elementor-tab-desktop-title\" aria-selected=\"false\" data-tab=\"5\" role=\"tab\" tabindex=\"-1\" aria-controls=\"elementor-tab-content-2635\" aria-expanded=\"false\">\u00dcr\u00fcn Boyutlar\u0131<\/div>\n\t\t\t\t\t\t\t<\/div>\n\t\t\t<div class=\"elementor-tabs-content-wrapper\" role=\"tablist\" aria-orientation=\"vertical\">\n\t\t\t\t\t\t\t\t\t<div class=\"elementor-tab-title elementor-tab-mobile-title\" aria-selected=\"true\" data-tab=\"1\" role=\"tab\" tabindex=\"0\" aria-controls=\"elementor-tab-content-2631\" aria-expanded=\"false\">Teknik \u00d6zellikler<\/div>\n\t\t\t\t\t<div id=\"elementor-tab-content-2631\" class=\"elementor-tab-content elementor-clearfix\" data-tab=\"1\" role=\"tabpanel\" aria-labelledby=\"elementor-tab-title-2631\" tabindex=\"0\" hidden=\"false\"><p>Teknik \u00f6zellikler ideal de\u011ferlerdir. Ger\u00e7ek patlama h\u0131z\u0131, kartu\u015f \u00e7ap\u0131na, hapsedilmi\u015f (confined) ve hapsedilmemi\u015f (unconfined) olup olmamas\u0131na ba\u011fl\u0131d\u0131r. Patlama bas\u0131n\u00e7 ve \u0131s\u0131s\u0131 ise patlama h\u0131z\u0131n\u0131n bir fonksiyonudur.<\/p><table border=\"1\" cellpadding=\"1\" cellspacing=\"1\"><tbody><tr><td colspan=\"2\" rowspan=\"1\"><strong>TEKN\u0130K \u00d6ZELL\u0130KLER<\/strong><\/td><\/tr><tr><td><strong>\u0130deal Patlama H\u0131z\u0131<\/strong><\/td><td>6140 m\/s<\/td><\/tr><tr><td><strong>\u0130deal Patlatma Bas\u0131nc\u0131<\/strong><\/td><td>112900 atm<\/td><\/tr><tr><td><strong>\u0130deal Patlatma S\u0131cakl\u0131\u011f\u0131<\/strong><\/td><td>3106\u00ba K<\/td><\/tr><tr><td><strong>Yo\u011funluk<\/strong><\/td><td>1.20 gr\/cm\u00b3<\/td><\/tr><tr><td><strong>Suya Dayan\u0131kl\u0131l\u0131k<\/strong><\/td><td>\u00c7ok \u0130yi<\/td><\/tr><tr><td><strong>\u0130deal Patlama Is\u0131s\u0131<\/strong><\/td><td>4370 Kj\/Kg<\/td><\/tr><tr><td><strong>\u0130deal Gaz Hacmi<\/strong><\/td><td>873 Lt\/Kg<\/td><\/tr><tr><td><strong>ANFO&#8217;ya g\u00f6re Efektif Enerji<\/strong><\/td><td>%129<\/td><\/tr><tr><td><strong>ANFO&#8217;ya g\u00f6re Bulk Strenght<\/strong><\/td><td>%193<\/td><\/tr><\/tbody><\/table><p><\/p><\/div>\n\t\t\t\t\t\t\t\t\t<div class=\"elementor-tab-title elementor-tab-mobile-title\" aria-selected=\"false\" data-tab=\"2\" role=\"tab\" tabindex=\"-1\" aria-controls=\"elementor-tab-content-2632\" aria-expanded=\"false\">Ambalaj<\/div>\n\t\t\t\t\t<div id=\"elementor-tab-content-2632\" class=\"elementor-tab-content elementor-clearfix\" data-tab=\"2\" role=\"tabpanel\" aria-labelledby=\"elementor-tab-title-2632\" tabindex=\"0\" hidden=\"hidden\"><p><span>Net 20\u00b4\u015fer Kg.\u00b4l\u0131k i\u00e7ten destekli karton kutularda.<\/span><br \/><br \/><\/p><\/div>\n\t\t\t\t\t\t\t\t\t<div class=\"elementor-tab-title elementor-tab-mobile-title\" aria-selected=\"false\" data-tab=\"3\" role=\"tab\" tabindex=\"-1\" aria-controls=\"elementor-tab-content-2633\" aria-expanded=\"false\">Depolama ve Ta\u015f\u0131ma<\/div>\n\t\t\t\t\t<div id=\"elementor-tab-content-2633\" class=\"elementor-tab-content elementor-clearfix\" data-tab=\"3\" role=\"tabpanel\" aria-labelledby=\"elementor-tab-title-2633\" tabindex=\"0\" hidden=\"hidden\"><p>Kuru, iyi havaland\u0131r\u0131lm\u0131\u015f, 87\/12028 say\u0131l\u0131 t\u00fcz\u00fck h\u00fck\u00fcmlerine uygun depolarda depolanmal\u0131d\u0131r.<\/p><p>S\u0131n\u0131f 1.1 D, U.N. No. 0241<br \/>Patlay\u0131c\u0131 madde Tip E.<\/p><\/div>\n\t\t\t\t\t\t\t\t\t<div class=\"elementor-tab-title elementor-tab-mobile-title\" aria-selected=\"false\" data-tab=\"4\" role=\"tab\" tabindex=\"-1\" aria-controls=\"elementor-tab-content-2634\" aria-expanded=\"false\">Ate\u015fleme<\/div>\n\t\t\t\t\t<div id=\"elementor-tab-content-2634\" class=\"elementor-tab-content elementor-clearfix\" data-tab=\"4\" role=\"tabpanel\" aria-labelledby=\"elementor-tab-title-2634\" tabindex=\"0\" hidden=\"hidden\"><div class=\"top_content\"><div class=\"main_content_container cwidth_container\"><div class=\"main_content_wrapper cwidth_wrapper\"><div class=\"main_content cwidth\"><div class=\"col-1-1\"><div class=\"col\"><div class=\"grid\"><div class=\"col-content\"><div class=\"col\"><div class=\"portfolio-single-1_container main_column\"><div class=\"portfolio-single-1_wrapper\"><div class=\"portfolio-single-1 content_cols_eq\"><div class=\"grid\"><div class=\"col-1-1\"><div class=\"col\"><div class=\"tb_tabs clearfix\"><div class=\"tb_tabs_items\"><div class=\"tb_tabs_item_content clearfix\"><p>T\u00fcm \u00e7aplardaki Magnum 365 kartu\u015flar\u0131 8* No\u00b4lu standart kaps\u00fcle duyarl\u0131d\u0131r. \u0130nfilakl\u0131 fitil kullan\u0131m\u0131nda kartu\u015fla (en az 10 g\/m) fitilin s\u0131k\u0131 temas\u0131 sa\u011flanarak kullan\u0131lmal\u0131d\u0131r. -15\u00b0 C alt\u0131nda ate\u015flenmemelidir.<\/p><\/div><\/div><\/div><\/div><\/div><\/div><\/div><\/div><\/div><\/div><\/div><\/div><\/div><\/div><\/div><\/div><\/div><\/div><\/div>\n\t\t\t\t\t\t\t\t\t<div class=\"elementor-tab-title elementor-tab-mobile-title\" aria-selected=\"false\" data-tab=\"5\" role=\"tab\" tabindex=\"-1\" aria-controls=\"elementor-tab-content-2635\" aria-expanded=\"false\">\u00dcr\u00fcn Boyutlar\u0131<\/div>\n\t\t\t\t\t<div id=\"elementor-tab-content-2635\" class=\"elementor-tab-content elementor-clearfix\" data-tab=\"5\" role=\"tabpanel\" aria-labelledby=\"elementor-tab-title-2635\" tabindex=\"0\" hidden=\"hidden\"><div class=\"top_content\"><div class=\"main_content_container cwidth_container\"><div class=\"main_content_wrapper cwidth_wrapper\"><div class=\"main_content cwidth\"><div class=\"col-1-1\"><div class=\"col\"><div class=\"grid\"><div class=\"col-content\"><div class=\"col\"><div class=\"portfolio-single-1_container main_column\"><div class=\"portfolio-single-1_wrapper\"><div class=\"portfolio-single-1 content_cols_eq\"><div class=\"grid\"><div class=\"col-1-1\"><div class=\"col\"><div class=\"tb_tabs clearfix\"><div class=\"tb_tabs_items\"><div class=\"tb_tabs_item_content clearfix\"><table border=\"1\" cellpadding=\"1\" cellspacing=\"1\"><tbody><tr><td><strong>Standart Boyutlar<\/strong><\/td><td><strong>Kartu\u015f A\u011f\u0131rl\u0131klar\u0131<\/strong><\/td><\/tr><tr><td>27&#215;225 mm<\/td><td>155 gr<\/td><\/tr><tr><td>30&#215;225 mm<\/td><td>191 gr<\/td><\/tr><tr><td>32&#215;200 mm<\/td><td>193 gr<\/td><\/tr><tr><td>34&#215;225 mm<\/td><td>245 gr<\/td><\/tr><tr><td>34&#215;400 mm<\/td><td>436 gr<\/td><\/tr><tr><td>36&#215;225 mm<\/td><td>275 gr<\/td><\/tr><tr><td>36&#215;400 mm<\/td><td>485 gr<\/td><\/tr><tr><td>38&#215;225 mm<\/td><td>306 gr<\/td><\/tr><tr><td>38&#215;400 mm<\/td><td>545 gr<\/td><\/tr><\/tbody><\/table><\/div><\/div><\/div><\/div><\/div><\/div><\/div><\/div><\/div><\/div><\/div><\/div><\/div><\/div><\/div><\/div><\/div><\/div><\/div>\n\t\t\t\t\t\t\t<\/div>\n\t\t<\/div>\n\t\t\t\t<\/div>\n\t\t\t\t<\/div>\n\t\t\t\t\t<\/div>\n\t\t\t\t<\/div>\n\t\t\t\t\t\t\t<\/div>\n\t\t","protected":false},"excerpt":{"rendered":"<p>T\u00fcneller, yeralt\u0131 ve yer\u00fcst\u00fc madencilik \u00e7al\u0131\u015fmalar\u0131 i\u00e7in tasarlanm\u0131\u015f, d\u00fcnyada bilinen en kuvvetli em\u00fclsiyon patlay\u0131c\u0131d\u0131r. Sert formasyonlarda maksimum verim ve ekonomi&#8230;<\/p>\n","protected":false},"author":1,"featured_media":48447,"parent":48150,"menu_order":0,"comment_status":"closed","ping_status":"closed","template":"","meta":{"footnotes":""},"class_list":["post-48267","page","type-page","status-publish","has-post-thumbnail","hentry"],"_links":{"self":[{"href":"https:\/\/www.ankanitro.com.tr\/index.php\/wp-json\/wp\/v2\/pages\/48267","targetHints":{"allow":["GET"]}}],"collection":[{"href":"https:\/\/www.ankanitro.com.tr\/index.php\/wp-json\/wp\/v2\/pages"}],"about":[{"href":"https:\/\/www.ankanitro.com.tr\/index.php\/wp-json\/wp\/v2\/types\/page"}],"author":[{"embeddable":true,"href":"https:\/\/www.ankanitro.com.tr\/index.php\/wp-json\/wp\/v2\/users\/1"}],"replies":[{"embeddable":true,"href":"https:\/\/www.ankanitro.com.tr\/index.php\/wp-json\/wp\/v2\/comments?post=48267"}],"version-history":[{"count":4,"href":"https:\/\/www.ankanitro.com.tr\/index.php\/wp-json\/wp\/v2\/pages\/48267\/revisions"}],"predecessor-version":[{"id":48454,"href":"https:\/\/www.ankanitro.com.tr\/index.php\/wp-json\/wp\/v2\/pages\/48267\/revisions\/48454"}],"up":[{"embeddable":true,"href":"https:\/\/www.ankanitro.com.tr\/index.php\/wp-json\/wp\/v2\/pages\/48150"}],"wp:featuredmedia":[{"embeddable":true,"href":"https:\/\/www.ankanitro.com.tr\/index.php\/wp-json\/wp\/v2\/media\/48447"}],"wp:attachment":[{"href":"https:\/\/www.ankanitro.com.tr\/index.php\/wp-json\/wp\/v2\/media?parent=48267"}],"curies":[{"name":"wp","href":"https:\/\/api.w.org\/{rel}","templated":true}]}}