{"id":48275,"date":"2024-01-09T16:29:12","date_gmt":"2024-01-09T13:29:12","guid":{"rendered":"https:\/\/www.simgeasansor.com.tr\/ankanitro\/?page_id=48275"},"modified":"2024-01-09T18:07:24","modified_gmt":"2024-01-09T15:07:24","slug":"trimex","status":"publish","type":"page","link":"https:\/\/www.ankanitro.com.tr\/index.php\/urunler\/kapsule-duyarli-patlayicilar\/trimex\/","title":{"rendered":"Trimex"},"content":{"rendered":"\t\t<div data-elementor-type=\"wp-page\" data-elementor-id=\"48275\" class=\"elementor elementor-48275\" data-elementor-post-type=\"page\">\n\t\t\t\t\t\t\t<div class=\"elementor-element elementor-element-2b2d734 e-flex e-con-boxed e-con e-parent\" data-id=\"2b2d734\" data-element_type=\"container\" data-settings=\"{&quot;content_width&quot;:&quot;boxed&quot;}\" data-core-v316-plus=\"true\">\n\t\t\t\t\t<div class=\"e-con-inner\">\n\t\t<div class=\"elementor-element elementor-element-eb241e3 e-con-full e-flex e-con e-child\" data-id=\"eb241e3\" data-element_type=\"container\" data-settings=\"{&quot;content_width&quot;:&quot;full&quot;}\">\n\t\t\t\t<div class=\"elementor-element elementor-element-afd522d elementor-widget elementor-widget-image\" data-id=\"afd522d\" data-element_type=\"widget\" data-widget_type=\"image.default\">\n\t\t\t\t<div class=\"elementor-widget-container\">\n\t\t\t<style>\/*! elementor - v3.18.0 - 20-12-2023 *\/\n.elementor-widget-image{text-align:center}.elementor-widget-image a{display:inline-block}.elementor-widget-image a img[src$=\".svg\"]{width:48px}.elementor-widget-image img{vertical-align:middle;display:inline-block}<\/style>\t\t\t\t\t\t\t\t\t\t\t\t<img fetchpriority=\"high\" decoding=\"async\" width=\"1024\" height=\"768\" src=\"https:\/\/www.ankanitro.com.tr\/wp-content\/uploads\/2024\/01\/trimex.jpg\" class=\"attachment-large size-large wp-image-48443\" alt=\"\" srcset=\"https:\/\/www.ankanitro.com.tr\/wp-content\/uploads\/2024\/01\/trimex.jpg 1024w, https:\/\/www.ankanitro.com.tr\/wp-content\/uploads\/2024\/01\/trimex-300x225.jpg 300w, https:\/\/www.ankanitro.com.tr\/wp-content\/uploads\/2024\/01\/trimex-768x576.jpg 768w\" sizes=\"(max-width: 1024px) 100vw, 1024px\" \/>\t\t\t\t\t\t\t\t\t\t\t\t\t\t\t<\/div>\n\t\t\t\t<\/div>\n\t\t\t\t<\/div>\n\t\t<div class=\"elementor-element elementor-element-2c9b4ad e-con-full e-flex e-con e-child\" data-id=\"2c9b4ad\" data-element_type=\"container\" data-settings=\"{&quot;content_width&quot;:&quot;full&quot;}\">\n\t\t\t\t<div class=\"elementor-element elementor-element-6c8e53d elementor-widget elementor-widget-text-editor\" data-id=\"6c8e53d\" data-element_type=\"widget\" data-widget_type=\"text-editor.default\">\n\t\t\t\t<div class=\"elementor-widget-container\">\n\t\t\t<style>\/*! elementor - v3.18.0 - 20-12-2023 *\/\n.elementor-widget-text-editor.elementor-drop-cap-view-stacked .elementor-drop-cap{background-color:#69727d;color:#fff}.elementor-widget-text-editor.elementor-drop-cap-view-framed .elementor-drop-cap{color:#69727d;border:3px solid;background-color:transparent}.elementor-widget-text-editor:not(.elementor-drop-cap-view-default) .elementor-drop-cap{margin-top:8px}.elementor-widget-text-editor:not(.elementor-drop-cap-view-default) .elementor-drop-cap-letter{width:1em;height:1em}.elementor-widget-text-editor .elementor-drop-cap{float:left;text-align:center;line-height:1;font-size:50px}.elementor-widget-text-editor .elementor-drop-cap-letter{display:inline-block}<\/style>\t\t\t\t<p>Trimex; t\u00fcnel ve yeralt\u0131 madencilik \u00e7al\u0131\u015fmalar\u0131nda \u00f6n kesme (pre-splitting) ve son kesme (smooth blasting) patlatma uygulamalar\u0131 i\u00e7in tasarlanm\u0131\u015f em\u00fclsiyon patlay\u0131c\u0131d\u0131r.<\/p><p>Uygulamada y\u00fcksek detonasyon h\u0131z\u0131 ve delik boyunca homojen da\u011f\u0131l\u0131m\u0131 sayesinde d\u00fczg\u00fcn ve az \u00f6rselenmi\u015f t\u00fcnel kesiti elde edilmesini sa\u011flar. Suya dayan\u0131kl\u0131d\u0131r, sulu deliklerde g\u00fcvenle kullan\u0131labilir.<\/p><h3><span>\u015eARJLAMA<\/span><\/h3><p>Merkezleme kanatlar\u0131, yeralt\u0131ndaki patlatmalar esnas\u0131nda konumun bozulmas\u0131n\u0131 \u00f6nler. Trimex t\u00fcpleri birbirine eklenerek \u015farjlanmal\u0131d\u0131r.<\/p><h3><span>Y\u00dcKSEK G\u00dc\u00c7<\/span><\/h3><p>Avrupa Birli\u011fi \u00fclkeleri ve ABD nin 2000 li y\u0131llar\u0131n ba\u015f\u0131nda kullanmaya ba\u015flad\u0131\u011f\u0131 yeni form\u00fclasyonlu Trimex kaps\u00fcle duyarl\u0131 em\u00fclsiyon bazl\u0131 patlay\u0131c\u0131d\u0131r. 19&#215;735 mm \u00f6l\u00e7\u00fclerindeki plastik kartu\u015flar\u0131n\u0131n her iki ucundaki ba\u011flant\u0131 mekanizmalar\u0131 ve merkezleme kanatlar\u0131 sayesinde birbirine kolayca eklenerek, delik i\u00e7erisinde uygun pozisyon verilir.<\/p><h3><span>Y\u00dcKSEK \u0130\u015e G\u00dcVENL\u0130\u011e\u0130<\/span><\/h3><p>Patlatma sonras\u0131 olu\u015fan duman karekteristi\u011fi sayesinde, yer alt\u0131 ve yer \u00fcst\u00fc t\u00fcnel \u00e7al\u0131\u015fmalar\u0131 i\u00e7in g\u00fcvenli \u00e7al\u0131\u015fma ortam\u0131 sa\u011flar. Darbe s\u00fcrt\u00fcnme ve di\u011fer mekanik etkilere kar\u015f\u0131 Nitrogliserin bazl\u0131 patlay\u0131c\u0131lara k\u0131yasla \u00e7ok daha g\u00fcvenlidir.<\/p>\t\t\t\t\t\t<\/div>\n\t\t\t\t<\/div>\n\t\t\t\t<\/div>\n\t\t\t\t\t<\/div>\n\t\t\t\t<\/div>\n\t\t<div class=\"elementor-element elementor-element-5588ca3 e-flex e-con-boxed e-con e-parent\" data-id=\"5588ca3\" data-element_type=\"container\" data-settings=\"{&quot;content_width&quot;:&quot;boxed&quot;}\" data-core-v316-plus=\"true\">\n\t\t\t\t\t<div class=\"e-con-inner\">\n\t\t\t\t<div class=\"elementor-element elementor-element-3b05de9 elementor-tabs-view-horizontal elementor-widget elementor-widget-tabs\" data-id=\"3b05de9\" data-element_type=\"widget\" data-widget_type=\"tabs.default\">\n\t\t\t\t<div class=\"elementor-widget-container\">\n\t\t\t<style>\/*! elementor - v3.18.0 - 20-12-2023 *\/\n.elementor-widget-tabs.elementor-tabs-view-vertical .elementor-tabs-wrapper{width:25%;flex-shrink:0}.elementor-widget-tabs.elementor-tabs-view-vertical .elementor-tab-desktop-title.elementor-active{border-right-style:none}.elementor-widget-tabs.elementor-tabs-view-vertical .elementor-tab-desktop-title.elementor-active:after,.elementor-widget-tabs.elementor-tabs-view-vertical .elementor-tab-desktop-title.elementor-active:before{height:999em;width:0;right:0;border-right-style:solid}.elementor-widget-tabs.elementor-tabs-view-vertical .elementor-tab-desktop-title.elementor-active:before{top:0;transform:translateY(-100%)}.elementor-widget-tabs.elementor-tabs-view-vertical .elementor-tab-desktop-title.elementor-active:after{top:100%}.elementor-widget-tabs.elementor-tabs-view-horizontal .elementor-tab-desktop-title{display:table-cell}.elementor-widget-tabs.elementor-tabs-view-horizontal .elementor-tab-desktop-title.elementor-active{border-bottom-style:none}.elementor-widget-tabs.elementor-tabs-view-horizontal .elementor-tab-desktop-title.elementor-active:after,.elementor-widget-tabs.elementor-tabs-view-horizontal .elementor-tab-desktop-title.elementor-active:before{bottom:0;height:0;width:999em;border-bottom-style:solid}.elementor-widget-tabs.elementor-tabs-view-horizontal .elementor-tab-desktop-title.elementor-active:before{right:100%}.elementor-widget-tabs.elementor-tabs-view-horizontal .elementor-tab-desktop-title.elementor-active:after{left:100%}.elementor-widget-tabs .elementor-tab-content,.elementor-widget-tabs .elementor-tab-title,.elementor-widget-tabs .elementor-tab-title:after,.elementor-widget-tabs .elementor-tab-title:before,.elementor-widget-tabs .elementor-tabs-content-wrapper{border:1px #d5d8dc}.elementor-widget-tabs .elementor-tabs{text-align:left}.elementor-widget-tabs .elementor-tabs-wrapper{overflow:hidden}.elementor-widget-tabs .elementor-tab-title{cursor:pointer;outline:var(--focus-outline,none)}.elementor-widget-tabs .elementor-tab-desktop-title{position:relative;padding:20px 25px;font-weight:700;line-height:1;border:solid transparent}.elementor-widget-tabs .elementor-tab-desktop-title.elementor-active{border-color:#d5d8dc}.elementor-widget-tabs .elementor-tab-desktop-title.elementor-active:after,.elementor-widget-tabs .elementor-tab-desktop-title.elementor-active:before{display:block;content:\"\";position:absolute}.elementor-widget-tabs .elementor-tab-desktop-title:focus-visible{border:1px solid #000}.elementor-widget-tabs .elementor-tab-mobile-title{padding:10px;cursor:pointer}.elementor-widget-tabs .elementor-tab-content{padding:20px;display:none}@media (max-width:767px){.elementor-tabs .elementor-tab-content,.elementor-tabs .elementor-tab-title{border-style:solid solid none}.elementor-tabs .elementor-tabs-wrapper{display:none}.elementor-tabs .elementor-tabs-content-wrapper{border-bottom-style:solid}.elementor-tabs .elementor-tab-content{padding:10px}}@media (min-width:768px){.elementor-widget-tabs.elementor-tabs-view-vertical .elementor-tabs{display:flex}.elementor-widget-tabs.elementor-tabs-view-vertical .elementor-tabs-wrapper{flex-direction:column}.elementor-widget-tabs.elementor-tabs-view-vertical .elementor-tabs-content-wrapper{flex-grow:1;border-style:solid solid solid none}.elementor-widget-tabs.elementor-tabs-view-horizontal .elementor-tab-content{border-style:none solid solid}.elementor-widget-tabs.elementor-tabs-alignment-center .elementor-tabs-wrapper,.elementor-widget-tabs.elementor-tabs-alignment-end .elementor-tabs-wrapper,.elementor-widget-tabs.elementor-tabs-alignment-stretch .elementor-tabs-wrapper{display:flex}.elementor-widget-tabs.elementor-tabs-alignment-center .elementor-tabs-wrapper{justify-content:center}.elementor-widget-tabs.elementor-tabs-alignment-end .elementor-tabs-wrapper{justify-content:flex-end}.elementor-widget-tabs.elementor-tabs-alignment-stretch.elementor-tabs-view-horizontal .elementor-tab-title{width:100%}.elementor-widget-tabs.elementor-tabs-alignment-stretch.elementor-tabs-view-vertical .elementor-tab-title{height:100%}.elementor-tabs .elementor-tab-mobile-title{display:none}}<\/style>\t\t<div class=\"elementor-tabs\">\n\t\t\t<div class=\"elementor-tabs-wrapper\" role=\"tablist\" >\n\t\t\t\t\t\t\t\t\t<div id=\"elementor-tab-title-6181\" class=\"elementor-tab-title elementor-tab-desktop-title\" aria-selected=\"true\" data-tab=\"1\" role=\"tab\" tabindex=\"0\" aria-controls=\"elementor-tab-content-6181\" aria-expanded=\"false\">Teknik \u00d6zellikler<\/div>\n\t\t\t\t\t\t\t\t\t<div id=\"elementor-tab-title-6182\" class=\"elementor-tab-title elementor-tab-desktop-title\" aria-selected=\"false\" data-tab=\"2\" role=\"tab\" tabindex=\"-1\" aria-controls=\"elementor-tab-content-6182\" aria-expanded=\"false\">Ambalaj<\/div>\n\t\t\t\t\t\t\t\t\t<div id=\"elementor-tab-title-6183\" class=\"elementor-tab-title elementor-tab-desktop-title\" aria-selected=\"false\" data-tab=\"3\" role=\"tab\" tabindex=\"-1\" aria-controls=\"elementor-tab-content-6183\" aria-expanded=\"false\">Depolama ve Ta\u015f\u0131ma<\/div>\n\t\t\t\t\t\t\t\t\t<div id=\"elementor-tab-title-6184\" class=\"elementor-tab-title elementor-tab-desktop-title\" aria-selected=\"false\" data-tab=\"4\" role=\"tab\" tabindex=\"-1\" aria-controls=\"elementor-tab-content-6184\" aria-expanded=\"false\">Ate\u015fleme<\/div>\n\t\t\t\t\t\t\t\t\t<div id=\"elementor-tab-title-6185\" class=\"elementor-tab-title elementor-tab-desktop-title\" aria-selected=\"false\" data-tab=\"5\" role=\"tab\" tabindex=\"-1\" aria-controls=\"elementor-tab-content-6185\" aria-expanded=\"false\">\u00dcr\u00fcn Boyutlar\u0131<\/div>\n\t\t\t\t\t\t\t<\/div>\n\t\t\t<div class=\"elementor-tabs-content-wrapper\" role=\"tablist\" aria-orientation=\"vertical\">\n\t\t\t\t\t\t\t\t\t<div class=\"elementor-tab-title elementor-tab-mobile-title\" aria-selected=\"true\" data-tab=\"1\" role=\"tab\" tabindex=\"0\" aria-controls=\"elementor-tab-content-6181\" aria-expanded=\"false\">Teknik \u00d6zellikler<\/div>\n\t\t\t\t\t<div id=\"elementor-tab-content-6181\" class=\"elementor-tab-content elementor-clearfix\" data-tab=\"1\" role=\"tabpanel\" aria-labelledby=\"elementor-tab-title-6181\" tabindex=\"0\" hidden=\"false\"><p>Teknik \u00f6zellikler ideal de\u011ferlerdir. Ger\u00e7ek patlama h\u0131z\u0131, kartu\u015f \u00e7ap\u0131na ve hapsedilmi\u015f olup olmamas\u0131na (confined-unconfined) ba\u011fl\u0131d\u0131r.<\/p><table border=\"1\" cellpadding=\"1\" cellspacing=\"1\"><tbody><tr><td colspan=\"2\" rowspan=\"1\"><strong>TEKN\u0130K \u00d6ZELL\u0130KLER<\/strong><\/td><\/tr><tr><td><strong>\u0130deal Patlama H\u0131z\u0131<\/strong><\/td><td>5490 m\/s<\/td><\/tr><tr><td><strong>\u0130deal Patlatma Bas\u0131nc\u0131<\/strong><\/td><td>80800 atm<\/td><\/tr><tr><td><strong>\u0130deal Patlatma S\u0131cakl\u0131\u011f\u0131<\/strong><\/td><td>2571\u00ba K<\/td><\/tr><tr><td><strong>Yo\u011funluk<\/strong><\/td><td>1.08 gr\/cm\u00b3<\/td><\/tr><tr><td><strong>Suya Dayan\u0131kl\u0131l\u0131k<\/strong><\/td><td>\u00c7ok \u0130yi<\/td><\/tr><tr><td><strong>\u0130deal Patlama Is\u0131s\u0131<\/strong><\/td><td>3240 Kj\/Kg<\/td><\/tr><tr><td><strong>\u0130deal Gaz Hacmi<\/strong><\/td><td>894 Lt\/Kg<\/td><\/tr><tr><td><strong>ANFO&#8217;ya g\u00f6re Efektif Enerji<\/strong><\/td><td>%96<\/td><\/tr><tr><td><strong>ANFO&#8217;ya g\u00f6re Bulk Strenght<\/strong><\/td><td>%130<\/td><\/tr><\/tbody><\/table><p><\/p><\/div>\n\t\t\t\t\t\t\t\t\t<div class=\"elementor-tab-title elementor-tab-mobile-title\" aria-selected=\"false\" data-tab=\"2\" role=\"tab\" tabindex=\"-1\" aria-controls=\"elementor-tab-content-6182\" aria-expanded=\"false\">Ambalaj<\/div>\n\t\t\t\t\t<div id=\"elementor-tab-content-6182\" class=\"elementor-tab-content elementor-clearfix\" data-tab=\"2\" role=\"tabpanel\" aria-labelledby=\"elementor-tab-title-6182\" tabindex=\"0\" hidden=\"hidden\"><div class=\"top_content\"><div class=\"main_content_container cwidth_container\"><div class=\"main_content_wrapper cwidth_wrapper\"><div class=\"main_content cwidth\"><div class=\"col-1-1\"><div class=\"col\"><div class=\"grid\"><div class=\"col-content\"><div class=\"col\"><div class=\"portfolio-single-1_container main_column\"><div class=\"portfolio-single-1_wrapper\"><div class=\"portfolio-single-1 content_cols_eq\"><div class=\"grid\"><div class=\"col-1-1\"><div class=\"col\"><div class=\"tb_tabs clearfix\"><div class=\"tb_tabs_items\"><div class=\"tb_tabs_item_content clearfix\"><p>Net 20 \u015fer Kg. l\u0131k i\u00e7ten destekli karton kutularda.<\/p><\/div><\/div><\/div><\/div><\/div><\/div><\/div><\/div><\/div><\/div><\/div><\/div><\/div><\/div><\/div><\/div><\/div><\/div><p><br \/><br \/><\/p><\/div>\n\t\t\t\t\t\t\t\t\t<div class=\"elementor-tab-title elementor-tab-mobile-title\" aria-selected=\"false\" data-tab=\"3\" role=\"tab\" tabindex=\"-1\" aria-controls=\"elementor-tab-content-6183\" aria-expanded=\"false\">Depolama ve Ta\u015f\u0131ma<\/div>\n\t\t\t\t\t<div id=\"elementor-tab-content-6183\" class=\"elementor-tab-content elementor-clearfix\" data-tab=\"3\" role=\"tabpanel\" aria-labelledby=\"elementor-tab-title-6183\" tabindex=\"0\" hidden=\"hidden\"><div class=\"top_content\"><div class=\"main_content_container cwidth_container\"><div class=\"main_content_wrapper cwidth_wrapper\"><div class=\"main_content cwidth\"><div class=\"col-1-1\"><div class=\"col\"><div class=\"grid\"><div class=\"col-content\"><div class=\"col\"><div class=\"portfolio-single-1_container main_column\"><div class=\"portfolio-single-1_wrapper\"><div class=\"portfolio-single-1 content_cols_eq\"><div class=\"grid\"><div class=\"col-1-1\"><div class=\"col\"><div class=\"tb_tabs clearfix\"><div class=\"tb_tabs_items\"><div class=\"tb_tabs_item_content clearfix\"><p>Kuru, iyi havaland\u0131r\u0131lm\u0131\u015f, 87\/12028 say\u0131l\u0131 t\u00fcz\u00fck h\u00fck\u00fcmlerine uygun depolarda depolanmal\u0131d\u0131r.<\/p><p>S\u0131n\u0131f 1.1 D, U.N. No. 0241<br \/>Patlay\u0131c\u0131 madde Tip E.<\/p><\/div><\/div><\/div><\/div><\/div><\/div><\/div><\/div><\/div><\/div><\/div><\/div><\/div><\/div><\/div><\/div><\/div><\/div><\/div>\n\t\t\t\t\t\t\t\t\t<div class=\"elementor-tab-title elementor-tab-mobile-title\" aria-selected=\"false\" data-tab=\"4\" role=\"tab\" tabindex=\"-1\" aria-controls=\"elementor-tab-content-6184\" aria-expanded=\"false\">Ate\u015fleme<\/div>\n\t\t\t\t\t<div id=\"elementor-tab-content-6184\" class=\"elementor-tab-content elementor-clearfix\" data-tab=\"4\" role=\"tabpanel\" aria-labelledby=\"elementor-tab-title-6184\" tabindex=\"0\" hidden=\"hidden\"><div class=\"top_content\"><div class=\"main_content_container cwidth_container\"><div class=\"main_content_wrapper cwidth_wrapper\"><div class=\"main_content cwidth\"><div class=\"col-1-1\"><div class=\"col\"><div class=\"grid\"><div class=\"col-content\"><div class=\"col\"><div class=\"portfolio-single-1_container main_column\"><div class=\"portfolio-single-1_wrapper\"><div class=\"portfolio-single-1 content_cols_eq\"><div class=\"grid\"><div class=\"col-1-1\"><div class=\"col\"><div class=\"tb_tabs clearfix\"><div class=\"tb_tabs_items\"><div class=\"tb_tabs_item_content clearfix\"><div class=\"top_content\"><div class=\"main_content_container cwidth_container\"><div class=\"main_content_wrapper cwidth_wrapper\"><div class=\"main_content cwidth\"><div class=\"col-1-1\"><div class=\"col\"><div class=\"grid\"><div class=\"col-content\"><div class=\"col\"><div class=\"portfolio-single-1_container main_column\"><div class=\"portfolio-single-1_wrapper\"><div class=\"portfolio-single-1 content_cols_eq\"><div class=\"grid\"><div class=\"col-1-1\"><div class=\"col\"><div class=\"tb_tabs clearfix\"><div class=\"tb_tabs_items\"><div class=\"tb_tabs_item_content clearfix\"><p>Trimex kartu\u015flar\u0131 8* No lu standart kaps\u00fcle duyarl\u0131d\u0131r. -15\u00b0C alt\u0131nda ate\u015flenmemelidir.<\/p><\/div><\/div><\/div><\/div><\/div><\/div><\/div><\/div><\/div><\/div><\/div><\/div><\/div><\/div><\/div><\/div><\/div><\/div><\/div><\/div><\/div><\/div><\/div><\/div><\/div><\/div><\/div><\/div><\/div><\/div><\/div><\/div><\/div><\/div><\/div><\/div><\/div>\n\t\t\t\t\t\t\t\t\t<div class=\"elementor-tab-title elementor-tab-mobile-title\" aria-selected=\"false\" data-tab=\"5\" role=\"tab\" tabindex=\"-1\" aria-controls=\"elementor-tab-content-6185\" aria-expanded=\"false\">\u00dcr\u00fcn Boyutlar\u0131<\/div>\n\t\t\t\t\t<div id=\"elementor-tab-content-6185\" class=\"elementor-tab-content elementor-clearfix\" data-tab=\"5\" role=\"tabpanel\" aria-labelledby=\"elementor-tab-title-6185\" tabindex=\"0\" hidden=\"hidden\"><div class=\"top_content\"><div class=\"main_content_container cwidth_container\"><div class=\"main_content_wrapper cwidth_wrapper\"><div class=\"main_content cwidth\"><div class=\"col-1-1\"><div class=\"col\"><div class=\"grid\"><div class=\"col-content\"><div class=\"col\"><div class=\"portfolio-single-1_container main_column\"><div class=\"portfolio-single-1_wrapper\"><div class=\"portfolio-single-1 content_cols_eq\"><div class=\"grid\"><div class=\"col-1-1\"><div class=\"col\"><div class=\"tb_tabs clearfix\"><div class=\"tb_tabs_items\"><div class=\"tb_tabs_item_content clearfix\"><div class=\"top_content\"><div class=\"main_content_container cwidth_container\"><div class=\"main_content_wrapper cwidth_wrapper\"><div class=\"main_content cwidth\"><div class=\"col-1-1\"><div class=\"col\"><div class=\"grid\"><div class=\"col-content\"><div class=\"col\"><div class=\"portfolio-single-1_container main_column\"><div class=\"portfolio-single-1_wrapper\"><div class=\"portfolio-single-1 content_cols_eq\"><div class=\"grid\"><div class=\"col-1-1\"><div class=\"col\"><div class=\"tb_tabs clearfix\"><div class=\"tb_tabs_items\"><div class=\"tb_tabs_item_content clearfix\"><table border=\"1\" cellpadding=\"1\" cellspacing=\"1\"><tbody><tr><td><strong>Standart Boyutlar<\/strong><\/td><td><strong>Kartu\u015f A\u011f\u0131rl\u0131klar\u0131<\/strong><\/td><\/tr><tr><td>19&#215;735 mm<\/td><td>220 gr<\/td><\/tr><\/tbody><\/table><\/div><\/div><\/div><\/div><\/div><\/div><\/div><\/div><\/div><\/div><\/div><\/div><\/div><\/div><\/div><\/div><\/div><\/div><\/div><\/div><\/div><\/div><\/div><\/div><\/div><\/div><\/div><\/div><\/div><\/div><\/div><\/div><\/div><\/div><\/div><\/div><\/div>\n\t\t\t\t\t\t\t<\/div>\n\t\t<\/div>\n\t\t\t\t<\/div>\n\t\t\t\t<\/div>\n\t\t\t\t\t<\/div>\n\t\t\t\t<\/div>\n\t\t\t\t\t\t\t<\/div>\n\t\t","protected":false},"excerpt":{"rendered":"<p>Trimex; t\u00fcnel ve yeralt\u0131 madencilik \u00e7al\u0131\u015fmalar\u0131nda \u00f6n kesme (pre-splitting) ve son kesme (smooth blasting) patlatma uygulamalar\u0131 i\u00e7in tasarlanm\u0131\u015f em\u00fclsiyon patlay\u0131c\u0131d\u0131r&#8230;.<\/p>\n","protected":false},"author":1,"featured_media":48443,"parent":48150,"menu_order":0,"comment_status":"closed","ping_status":"closed","template":"","meta":{"footnotes":""},"class_list":["post-48275","page","type-page","status-publish","has-post-thumbnail","hentry"],"_links":{"self":[{"href":"https:\/\/www.ankanitro.com.tr\/index.php\/wp-json\/wp\/v2\/pages\/48275","targetHints":{"allow":["GET"]}}],"collection":[{"href":"https:\/\/www.ankanitro.com.tr\/index.php\/wp-json\/wp\/v2\/pages"}],"about":[{"href":"https:\/\/www.ankanitro.com.tr\/index.php\/wp-json\/wp\/v2\/types\/page"}],"author":[{"embeddable":true,"href":"https:\/\/www.ankanitro.com.tr\/index.php\/wp-json\/wp\/v2\/users\/1"}],"replies":[{"embeddable":true,"href":"https:\/\/www.ankanitro.com.tr\/index.php\/wp-json\/wp\/v2\/comments?post=48275"}],"version-history":[{"count":4,"href":"https:\/\/www.ankanitro.com.tr\/index.php\/wp-json\/wp\/v2\/pages\/48275\/revisions"}],"predecessor-version":[{"id":48466,"href":"https:\/\/www.ankanitro.com.tr\/index.php\/wp-json\/wp\/v2\/pages\/48275\/revisions\/48466"}],"up":[{"embeddable":true,"href":"https:\/\/www.ankanitro.com.tr\/index.php\/wp-json\/wp\/v2\/pages\/48150"}],"wp:featuredmedia":[{"embeddable":true,"href":"https:\/\/www.ankanitro.com.tr\/index.php\/wp-json\/wp\/v2\/media\/48443"}],"wp:attachment":[{"href":"https:\/\/www.ankanitro.com.tr\/index.php\/wp-json\/wp\/v2\/media?parent=48275"}],"curies":[{"name":"wp","href":"https:\/\/api.w.org\/{rel}","templated":true}]}}