{"id":48279,"date":"2024-01-09T16:29:34","date_gmt":"2024-01-09T13:29:34","guid":{"rendered":"https:\/\/www.simgeasansor.com.tr\/ankanitro\/?page_id=48279"},"modified":"2024-01-09T17:55:49","modified_gmt":"2024-01-09T14:55:49","slug":"exel-lp-elektriksiz-kapsul","status":"publish","type":"page","link":"https:\/\/www.ankanitro.com.tr\/index.php\/urunler\/8-nolu-tahrip-kapsulleri\/exel-lp-elektriksiz-kapsul\/","title":{"rendered":"Exel LP Elektriksiz Kaps\u00fcl"},"content":{"rendered":"\t\t<div data-elementor-type=\"wp-page\" data-elementor-id=\"48279\" class=\"elementor elementor-48279\" data-elementor-post-type=\"page\">\n\t\t\t\t\t\t\t<div class=\"elementor-element elementor-element-4be1417 e-flex e-con-boxed e-con e-parent\" data-id=\"4be1417\" data-element_type=\"container\" data-settings=\"{&quot;content_width&quot;:&quot;boxed&quot;}\" data-core-v316-plus=\"true\">\n\t\t\t\t\t<div class=\"e-con-inner\">\n\t\t<div class=\"elementor-element elementor-element-f95d8c9 e-con-full e-flex e-con e-child\" data-id=\"f95d8c9\" data-element_type=\"container\" data-settings=\"{&quot;content_width&quot;:&quot;full&quot;}\">\n\t\t\t\t<div class=\"elementor-element elementor-element-a2ed122 elementor-widget elementor-widget-image\" data-id=\"a2ed122\" data-element_type=\"widget\" data-widget_type=\"image.default\">\n\t\t\t\t<div class=\"elementor-widget-container\">\n\t\t\t<style>\/*! elementor - v3.18.0 - 20-12-2023 *\/\n.elementor-widget-image{text-align:center}.elementor-widget-image a{display:inline-block}.elementor-widget-image a img[src$=\".svg\"]{width:48px}.elementor-widget-image img{vertical-align:middle;display:inline-block}<\/style>\t\t\t\t\t\t\t\t\t\t\t\t<img fetchpriority=\"high\" decoding=\"async\" width=\"1024\" height=\"768\" src=\"https:\/\/www.ankanitro.com.tr\/wp-content\/uploads\/2024\/01\/exel-lp-kapsul.jpg\" class=\"attachment-large size-large wp-image-48433\" alt=\"\" srcset=\"https:\/\/www.ankanitro.com.tr\/wp-content\/uploads\/2024\/01\/exel-lp-kapsul.jpg 1024w, https:\/\/www.ankanitro.com.tr\/wp-content\/uploads\/2024\/01\/exel-lp-kapsul-300x225.jpg 300w, https:\/\/www.ankanitro.com.tr\/wp-content\/uploads\/2024\/01\/exel-lp-kapsul-768x576.jpg 768w\" sizes=\"(max-width: 1024px) 100vw, 1024px\" \/>\t\t\t\t\t\t\t\t\t\t\t\t\t\t\t<\/div>\n\t\t\t\t<\/div>\n\t\t\t\t<\/div>\n\t\t<div class=\"elementor-element elementor-element-2c1e3ce e-con-full e-flex e-con e-child\" data-id=\"2c1e3ce\" data-element_type=\"container\" data-settings=\"{&quot;content_width&quot;:&quot;full&quot;}\">\n\t\t\t\t<div class=\"elementor-element elementor-element-b3bb887 elementor-widget elementor-widget-text-editor\" data-id=\"b3bb887\" data-element_type=\"widget\" data-widget_type=\"text-editor.default\">\n\t\t\t\t<div class=\"elementor-widget-container\">\n\t\t\t<style>\/*! elementor - v3.18.0 - 20-12-2023 *\/\n.elementor-widget-text-editor.elementor-drop-cap-view-stacked .elementor-drop-cap{background-color:#69727d;color:#fff}.elementor-widget-text-editor.elementor-drop-cap-view-framed .elementor-drop-cap{color:#69727d;border:3px solid;background-color:transparent}.elementor-widget-text-editor:not(.elementor-drop-cap-view-default) .elementor-drop-cap{margin-top:8px}.elementor-widget-text-editor:not(.elementor-drop-cap-view-default) .elementor-drop-cap-letter{width:1em;height:1em}.elementor-widget-text-editor .elementor-drop-cap{float:left;text-align:center;line-height:1;font-size:50px}.elementor-widget-text-editor .elementor-drop-cap-letter{display:inline-block}<\/style>\t\t\t\t<p>Exel LP, yeralt\u0131 patlatma \u00e7al\u0131\u015fmalar\u0131 i\u00e7in uzun gecikme sa\u011flayan elektriksiz (non-electric) kaps\u00fcl sistemidir. \u0130nfilakl\u0131 fitil ile ba\u011flant\u0131s\u0131 yap\u0131lan Exel LP sistemi, 26 gecikme aral\u0131\u011f\u0131 ile kolay kullan\u0131m ve patlatma dizayn esnekli\u011fi sa\u011flar. Yeralt\u0131 madencilik, t\u00fcnel ve kuyu \u00e7al\u0131\u015fmalar\u0131nda kullan\u0131l\u0131r.<\/p><h3><span>\u00d6ZELL\u0130KLER\u0130<\/span><\/h3><ul><li>&#8211; Kopma ve s\u00fcrt\u00fcnmeye kar\u015f\u0131 dayan\u0131kl\u0131d\u0131r.<\/li><li>&#8211; Gecikme s\u00fcreleri tam do\u011frulukta 26 seridir.<\/li><li>&#8211; Ba\u011flant\u0131s\u0131 h\u0131zl\u0131 ve basittir.<\/li><li>&#8211; Kolay farkedilebilir g\u00f6r\u00fcn\u00fcmdedir.<\/li><li>&#8211; Kulllan\u0131m kolayl\u0131\u011f\u0131 sa\u011flayan 8 \u015feklindeki ba\u011f halindedir<\/li><\/ul><h3><span>FAYDALARI<\/span><\/h3><p>Yeralt\u0131 ko\u015fullar\u0131na dayan\u0131kl\u0131d\u0131r. At\u0131m kontrol\u00fc esnek ve m\u00fckemmeldir. H\u0131zl\u0131 ba\u011flant\u0131 i\u015f verimini art\u0131r\u0131r. Ba\u011flant\u0131 kontrol\u00fc h\u0131zl\u0131d\u0131r. D\u00fc\u011f\u00fcmlenme ve kar\u0131\u015f\u0131kl\u0131k meydana gelmez.<\/p><h3>D\u00f6k\u00fcmanlar<\/h3>\t\t\t\t\t\t<\/div>\n\t\t\t\t<\/div>\n\t\t\t\t<\/div>\n\t\t\t\t\t<\/div>\n\t\t\t\t<\/div>\n\t\t<div class=\"elementor-element elementor-element-0e0390b e-flex e-con-boxed e-con e-parent\" data-id=\"0e0390b\" data-element_type=\"container\" data-settings=\"{&quot;content_width&quot;:&quot;boxed&quot;}\" data-core-v316-plus=\"true\">\n\t\t\t\t\t<div class=\"e-con-inner\">\n\t\t\t\t<div class=\"elementor-element elementor-element-b7ae7cb elementor-tabs-view-horizontal elementor-widget elementor-widget-tabs\" data-id=\"b7ae7cb\" data-element_type=\"widget\" data-widget_type=\"tabs.default\">\n\t\t\t\t<div class=\"elementor-widget-container\">\n\t\t\t<style>\/*! elementor - v3.18.0 - 20-12-2023 *\/\n.elementor-widget-tabs.elementor-tabs-view-vertical .elementor-tabs-wrapper{width:25%;flex-shrink:0}.elementor-widget-tabs.elementor-tabs-view-vertical .elementor-tab-desktop-title.elementor-active{border-right-style:none}.elementor-widget-tabs.elementor-tabs-view-vertical .elementor-tab-desktop-title.elementor-active:after,.elementor-widget-tabs.elementor-tabs-view-vertical .elementor-tab-desktop-title.elementor-active:before{height:999em;width:0;right:0;border-right-style:solid}.elementor-widget-tabs.elementor-tabs-view-vertical .elementor-tab-desktop-title.elementor-active:before{top:0;transform:translateY(-100%)}.elementor-widget-tabs.elementor-tabs-view-vertical .elementor-tab-desktop-title.elementor-active:after{top:100%}.elementor-widget-tabs.elementor-tabs-view-horizontal .elementor-tab-desktop-title{display:table-cell}.elementor-widget-tabs.elementor-tabs-view-horizontal .elementor-tab-desktop-title.elementor-active{border-bottom-style:none}.elementor-widget-tabs.elementor-tabs-view-horizontal .elementor-tab-desktop-title.elementor-active:after,.elementor-widget-tabs.elementor-tabs-view-horizontal .elementor-tab-desktop-title.elementor-active:before{bottom:0;height:0;width:999em;border-bottom-style:solid}.elementor-widget-tabs.elementor-tabs-view-horizontal .elementor-tab-desktop-title.elementor-active:before{right:100%}.elementor-widget-tabs.elementor-tabs-view-horizontal .elementor-tab-desktop-title.elementor-active:after{left:100%}.elementor-widget-tabs .elementor-tab-content,.elementor-widget-tabs .elementor-tab-title,.elementor-widget-tabs .elementor-tab-title:after,.elementor-widget-tabs .elementor-tab-title:before,.elementor-widget-tabs .elementor-tabs-content-wrapper{border:1px #d5d8dc}.elementor-widget-tabs .elementor-tabs{text-align:left}.elementor-widget-tabs .elementor-tabs-wrapper{overflow:hidden}.elementor-widget-tabs .elementor-tab-title{cursor:pointer;outline:var(--focus-outline,none)}.elementor-widget-tabs .elementor-tab-desktop-title{position:relative;padding:20px 25px;font-weight:700;line-height:1;border:solid transparent}.elementor-widget-tabs .elementor-tab-desktop-title.elementor-active{border-color:#d5d8dc}.elementor-widget-tabs .elementor-tab-desktop-title.elementor-active:after,.elementor-widget-tabs .elementor-tab-desktop-title.elementor-active:before{display:block;content:\"\";position:absolute}.elementor-widget-tabs .elementor-tab-desktop-title:focus-visible{border:1px solid #000}.elementor-widget-tabs .elementor-tab-mobile-title{padding:10px;cursor:pointer}.elementor-widget-tabs .elementor-tab-content{padding:20px;display:none}@media (max-width:767px){.elementor-tabs .elementor-tab-content,.elementor-tabs .elementor-tab-title{border-style:solid solid none}.elementor-tabs .elementor-tabs-wrapper{display:none}.elementor-tabs .elementor-tabs-content-wrapper{border-bottom-style:solid}.elementor-tabs .elementor-tab-content{padding:10px}}@media (min-width:768px){.elementor-widget-tabs.elementor-tabs-view-vertical .elementor-tabs{display:flex}.elementor-widget-tabs.elementor-tabs-view-vertical .elementor-tabs-wrapper{flex-direction:column}.elementor-widget-tabs.elementor-tabs-view-vertical .elementor-tabs-content-wrapper{flex-grow:1;border-style:solid solid solid none}.elementor-widget-tabs.elementor-tabs-view-horizontal .elementor-tab-content{border-style:none solid solid}.elementor-widget-tabs.elementor-tabs-alignment-center .elementor-tabs-wrapper,.elementor-widget-tabs.elementor-tabs-alignment-end .elementor-tabs-wrapper,.elementor-widget-tabs.elementor-tabs-alignment-stretch .elementor-tabs-wrapper{display:flex}.elementor-widget-tabs.elementor-tabs-alignment-center .elementor-tabs-wrapper{justify-content:center}.elementor-widget-tabs.elementor-tabs-alignment-end .elementor-tabs-wrapper{justify-content:flex-end}.elementor-widget-tabs.elementor-tabs-alignment-stretch.elementor-tabs-view-horizontal .elementor-tab-title{width:100%}.elementor-widget-tabs.elementor-tabs-alignment-stretch.elementor-tabs-view-vertical .elementor-tab-title{height:100%}.elementor-tabs .elementor-tab-mobile-title{display:none}}<\/style>\t\t<div class=\"elementor-tabs\">\n\t\t\t<div class=\"elementor-tabs-wrapper\" role=\"tablist\" >\n\t\t\t\t\t\t\t\t\t<div id=\"elementor-tab-title-1921\" class=\"elementor-tab-title elementor-tab-desktop-title\" aria-selected=\"true\" data-tab=\"1\" role=\"tab\" tabindex=\"0\" aria-controls=\"elementor-tab-content-1921\" aria-expanded=\"false\">Ate\u015fleme<\/div>\n\t\t\t\t\t\t\t\t\t<div id=\"elementor-tab-title-1922\" class=\"elementor-tab-title elementor-tab-desktop-title\" aria-selected=\"false\" data-tab=\"2\" role=\"tab\" tabindex=\"-1\" aria-controls=\"elementor-tab-content-1922\" aria-expanded=\"false\">Teknik \u00d6zellikler<\/div>\n\t\t\t\t\t\t\t\t\t<div id=\"elementor-tab-title-1923\" class=\"elementor-tab-title elementor-tab-desktop-title\" aria-selected=\"false\" data-tab=\"3\" role=\"tab\" tabindex=\"-1\" aria-controls=\"elementor-tab-content-1923\" aria-expanded=\"false\">Depolama ve Ta\u015f\u0131ma<\/div>\n\t\t\t\t\t\t\t\t\t<div id=\"elementor-tab-title-1924\" class=\"elementor-tab-title elementor-tab-desktop-title\" aria-selected=\"false\" data-tab=\"4\" role=\"tab\" tabindex=\"-1\" aria-controls=\"elementor-tab-content-1924\" aria-expanded=\"false\">Ambalaj<\/div>\n\t\t\t\t\t\t\t<\/div>\n\t\t\t<div class=\"elementor-tabs-content-wrapper\" role=\"tablist\" aria-orientation=\"vertical\">\n\t\t\t\t\t\t\t\t\t<div class=\"elementor-tab-title elementor-tab-mobile-title\" aria-selected=\"true\" data-tab=\"1\" role=\"tab\" tabindex=\"0\" aria-controls=\"elementor-tab-content-1921\" aria-expanded=\"false\">Ate\u015fleme<\/div>\n\t\t\t\t\t<div id=\"elementor-tab-content-1921\" class=\"elementor-tab-content elementor-clearfix\" data-tab=\"1\" role=\"tabpanel\" aria-labelledby=\"elementor-tab-title-1921\" tabindex=\"0\" hidden=\"false\"><div class=\"top_content\"><div class=\"main_content_container cwidth_container\"><div class=\"main_content_wrapper cwidth_wrapper\"><div class=\"main_content cwidth\"><div class=\"col-1-1\"><div class=\"col\"><div class=\"grid\"><div class=\"col-content\"><div class=\"col\"><div class=\"portfolio-single-1_container main_column\"><div class=\"portfolio-single-1_wrapper\"><div class=\"portfolio-single-1 content_cols_eq\"><div class=\"grid\"><div class=\"col-1-1\"><div class=\"col\"><div class=\"tb_tabs clearfix\"><div class=\"tb_tabs_items\"><div class=\"tb_tabs_item_content clearfix\"><p>\u015eok t\u00fcpe kesinlikle zarar verilmemeli, \u00e7ekilmemeli ve kopart\u0131lmamal\u0131d\u0131r. Aksi takdirde beklenmedik bir ate\u015fleme ger\u00e7ekle\u015febilir. Exel LP kaps\u00fcl sistemi, 5 gr. PETN \/m g\u00fcc\u00fcndeki infilakl\u0131 fitil ile ate\u015flenir.<\/p><\/div><\/div><\/div><\/div><\/div><\/div><\/div><\/div><\/div><\/div><\/div><\/div><\/div><\/div><\/div><\/div><\/div><\/div><p><\/p><\/div>\n\t\t\t\t\t\t\t\t\t<div class=\"elementor-tab-title elementor-tab-mobile-title\" aria-selected=\"false\" data-tab=\"2\" role=\"tab\" tabindex=\"-1\" aria-controls=\"elementor-tab-content-1922\" aria-expanded=\"false\">Teknik \u00d6zellikler<\/div>\n\t\t\t\t\t<div id=\"elementor-tab-content-1922\" class=\"elementor-tab-content elementor-clearfix\" data-tab=\"2\" role=\"tabpanel\" aria-labelledby=\"elementor-tab-title-1922\" tabindex=\"0\" hidden=\"hidden\"><div class=\"top_content\"><div class=\"main_content_container cwidth_container\"><div class=\"main_content_wrapper cwidth_wrapper\"><div class=\"main_content cwidth\"><div class=\"col-1-1\"><div class=\"col\"><div class=\"grid\"><div class=\"col-content\"><div class=\"col\"><div class=\"portfolio-single-1_container main_column\"><div class=\"portfolio-single-1_wrapper\"><div class=\"portfolio-single-1 content_cols_eq\"><div class=\"grid\"><div class=\"col-1-1\"><div class=\"col\"><div class=\"tb_tabs clearfix\"><div class=\"tb_tabs_items\"><div class=\"tb_tabs_item_content clearfix\"><table border=\"1\" cellpadding=\"1\" cellspacing=\"1\"><tbody><tr><td colspan=\"2\" rowspan=\"1\"><strong>TEKN\u0130K \u00d6ZELL\u0130KLER<\/strong><\/td><\/tr><tr><td><strong>\u015eok T\u00fcp D\u0131\u015f \u00c7ap\u0131<\/strong><\/td><td>3 mm<\/td><\/tr><tr><td><strong>\u015eok T\u00fcp Tipi<\/strong><\/td><td>Tube 3L (3 Tabakal\u0131) UV (Ultraviolet) Korumal\u0131<\/td><\/tr><tr><td><strong>\u015eok T\u00fcp \u00c7ekme Dayan\u0131m\u0131<\/strong><\/td><td>25 kg (20\u00b0C&#8217;de) \/\u00a015 kg (70\u00b0C&#8217;de)<\/td><\/tr><tr><td><strong>\u015eok T\u00fcp Dalga H\u0131z\u0131<\/strong><\/td><td>2000 m\/s\u00a0\u00b1 100 m\/s<\/td><\/tr><tr><td><strong>Kaps\u00fcl Ba\u015fl\u0131\u011f\u0131<\/strong><\/td><td>940 mg (PETN + RDX)<\/td><\/tr><\/tbody><\/table><\/div><\/div><\/div><\/div><\/div><\/div><\/div><\/div><\/div><\/div><\/div><\/div><\/div><\/div><\/div><\/div><\/div><\/div><\/div>\n\t\t\t\t\t\t\t\t\t<div class=\"elementor-tab-title elementor-tab-mobile-title\" aria-selected=\"false\" data-tab=\"3\" role=\"tab\" tabindex=\"-1\" aria-controls=\"elementor-tab-content-1923\" aria-expanded=\"false\">Depolama ve Ta\u015f\u0131ma<\/div>\n\t\t\t\t\t<div id=\"elementor-tab-content-1923\" class=\"elementor-tab-content elementor-clearfix\" data-tab=\"3\" role=\"tabpanel\" aria-labelledby=\"elementor-tab-title-1923\" tabindex=\"0\" hidden=\"hidden\"><div class=\"top_content\"><div class=\"main_content_container cwidth_container\"><div class=\"main_content_wrapper cwidth_wrapper\"><div class=\"main_content cwidth\"><div class=\"col-1-1\"><div class=\"col\"><div class=\"grid\"><div class=\"col-content\"><div class=\"col\"><div class=\"portfolio-single-1_container main_column\"><div class=\"portfolio-single-1_wrapper\"><div class=\"portfolio-single-1 content_cols_eq\"><div class=\"grid\"><div class=\"col-1-1\"><div class=\"col\"><div class=\"tb_tabs clearfix\"><div class=\"tb_tabs_items\"><div class=\"tb_tabs_item_content clearfix\"><p>Kuru, iyi havaland\u0131r\u0131lm\u0131\u015f, 87\/12028 say\u0131l\u0131 t\u00fcz\u00fck h\u00fck\u00fcmlerine uygun depolarda depolanmal\u0131d\u0131r..<\/p><p>Detonator Assemblies, Non-electric<br \/>S\u0131n\u0131f 1.1 B &#8211; UN 0360, PG II Avrupa Standard\u0131nda 1.S\u0131n\u0131f kalitede.<\/p><\/div><\/div><\/div><\/div><\/div><\/div><\/div><\/div><\/div><\/div><\/div><\/div><\/div><\/div><\/div><\/div><\/div><\/div><\/div>\n\t\t\t\t\t\t\t\t\t<div class=\"elementor-tab-title elementor-tab-mobile-title\" aria-selected=\"false\" data-tab=\"4\" role=\"tab\" tabindex=\"-1\" aria-controls=\"elementor-tab-content-1924\" aria-expanded=\"false\">Ambalaj<\/div>\n\t\t\t\t\t<div id=\"elementor-tab-content-1924\" class=\"elementor-tab-content elementor-clearfix\" data-tab=\"4\" role=\"tabpanel\" aria-labelledby=\"elementor-tab-title-1924\" tabindex=\"0\" hidden=\"hidden\"><div class=\"top_content\"><div class=\"main_content_container cwidth_container\"><div class=\"main_content_wrapper cwidth_wrapper\"><div class=\"main_content cwidth\"><div class=\"col-1-1\"><div class=\"col\"><div class=\"grid\"><div class=\"col-content\"><div class=\"col\"><div class=\"portfolio-single-1_container main_column\"><div class=\"portfolio-single-1_wrapper\"><div class=\"portfolio-single-1 content_cols_eq\"><div class=\"grid\"><div class=\"col-1-1\"><div class=\"col\"><div class=\"tb_tabs clearfix\"><div class=\"tb_tabs_items\"><div class=\"tb_tabs_item_content clearfix\"><div class=\"top_content\"><div class=\"main_content_container cwidth_container\"><div class=\"main_content_wrapper cwidth_wrapper\"><div class=\"main_content cwidth\"><div class=\"col-1-1\"><div class=\"col\"><div class=\"grid\"><div class=\"col-content\"><div class=\"col\"><div class=\"portfolio-single-1_container main_column\"><div class=\"portfolio-single-1_wrapper\"><div class=\"portfolio-single-1 content_cols_eq\"><div class=\"grid\"><div class=\"col-1-1\"><div class=\"col\"><div class=\"tb_tabs clearfix\"><div class=\"tb_tabs_items\"><div class=\"tb_tabs_item_content clearfix\"><p>Exel LP, 8 say\u0131s\u0131 \u015feklinde sar\u0131lm\u0131\u015f ve Antistatik PE torbalar i\u00e7inde mukavva kutularda.<\/p><\/div><\/div><\/div><\/div><\/div><\/div><\/div><\/div><\/div><\/div><\/div><\/div><\/div><\/div><\/div><\/div><\/div><\/div><\/div><\/div><\/div><\/div><\/div><\/div><\/div><\/div><\/div><\/div><\/div><\/div><\/div><\/div><\/div><\/div><\/div><\/div><\/div>\n\t\t\t\t\t\t\t<\/div>\n\t\t<\/div>\n\t\t\t\t<\/div>\n\t\t\t\t<\/div>\n\t\t\t\t\t<\/div>\n\t\t\t\t<\/div>\n\t\t\t\t\t\t\t<\/div>\n\t\t","protected":false},"excerpt":{"rendered":"<p>Exel LP, yeralt\u0131 patlatma \u00e7al\u0131\u015fmalar\u0131 i\u00e7in uzun gecikme sa\u011flayan elektriksiz (non-electric) kaps\u00fcl sistemidir. \u0130nfilakl\u0131 fitil ile ba\u011flant\u0131s\u0131 yap\u0131lan Exel LP&#8230;<\/p>\n","protected":false},"author":1,"featured_media":48433,"parent":48152,"menu_order":0,"comment_status":"closed","ping_status":"closed","template":"","meta":{"footnotes":""},"class_list":["post-48279","page","type-page","status-publish","has-post-thumbnail","hentry"],"_links":{"self":[{"href":"https:\/\/www.ankanitro.com.tr\/index.php\/wp-json\/wp\/v2\/pages\/48279","targetHints":{"allow":["GET"]}}],"collection":[{"href":"https:\/\/www.ankanitro.com.tr\/index.php\/wp-json\/wp\/v2\/pages"}],"about":[{"href":"https:\/\/www.ankanitro.com.tr\/index.php\/wp-json\/wp\/v2\/types\/page"}],"author":[{"embeddable":true,"href":"https:\/\/www.ankanitro.com.tr\/index.php\/wp-json\/wp\/v2\/users\/1"}],"replies":[{"embeddable":true,"href":"https:\/\/www.ankanitro.com.tr\/index.php\/wp-json\/wp\/v2\/comments?post=48279"}],"version-history":[{"count":8,"href":"https:\/\/www.ankanitro.com.tr\/index.php\/wp-json\/wp\/v2\/pages\/48279\/revisions"}],"predecessor-version":[{"id":48437,"href":"https:\/\/www.ankanitro.com.tr\/index.php\/wp-json\/wp\/v2\/pages\/48279\/revisions\/48437"}],"up":[{"embeddable":true,"href":"https:\/\/www.ankanitro.com.tr\/index.php\/wp-json\/wp\/v2\/pages\/48152"}],"wp:featuredmedia":[{"embeddable":true,"href":"https:\/\/www.ankanitro.com.tr\/index.php\/wp-json\/wp\/v2\/media\/48433"}],"wp:attachment":[{"href":"https:\/\/www.ankanitro.com.tr\/index.php\/wp-json\/wp\/v2\/media?parent=48279"}],"curies":[{"name":"wp","href":"https:\/\/api.w.org\/{rel}","templated":true}]}}