{"id":48283,"date":"2024-01-09T16:29:52","date_gmt":"2024-01-09T13:29:52","guid":{"rendered":"https:\/\/www.simgeasansor.com.tr\/ankanitro\/?page_id=48283"},"modified":"2024-01-09T17:53:01","modified_gmt":"2024-01-09T14:53:01","slug":"exel-handidet-elektriksiz-kapsul","status":"publish","type":"page","link":"https:\/\/www.ankanitro.com.tr\/index.php\/urunler\/8-nolu-tahrip-kapsulleri\/exel-handidet-elektriksiz-kapsul\/","title":{"rendered":"Exel Handidet Elektriksiz Kaps\u00fcl"},"content":{"rendered":"\t\t<div data-elementor-type=\"wp-page\" data-elementor-id=\"48283\" class=\"elementor elementor-48283\" data-elementor-post-type=\"page\">\n\t\t\t\t\t\t\t<div class=\"elementor-element elementor-element-89db525 e-flex e-con-boxed e-con e-parent\" data-id=\"89db525\" data-element_type=\"container\" data-settings=\"{&quot;content_width&quot;:&quot;boxed&quot;}\" data-core-v316-plus=\"true\">\n\t\t\t\t\t<div class=\"e-con-inner\">\n\t\t<div class=\"elementor-element elementor-element-fbde5eb e-con-full e-flex e-con e-child\" data-id=\"fbde5eb\" data-element_type=\"container\" data-settings=\"{&quot;content_width&quot;:&quot;full&quot;}\">\n\t\t\t\t<div class=\"elementor-element elementor-element-2a88e8b elementor-widget elementor-widget-image\" data-id=\"2a88e8b\" data-element_type=\"widget\" data-widget_type=\"image.default\">\n\t\t\t\t<div class=\"elementor-widget-container\">\n\t\t\t<style>\/*! elementor - v3.18.0 - 20-12-2023 *\/\n.elementor-widget-image{text-align:center}.elementor-widget-image a{display:inline-block}.elementor-widget-image a img[src$=\".svg\"]{width:48px}.elementor-widget-image img{vertical-align:middle;display:inline-block}<\/style>\t\t\t\t\t\t\t\t\t\t\t\t<img fetchpriority=\"high\" decoding=\"async\" width=\"1024\" height=\"768\" src=\"https:\/\/www.ankanitro.com.tr\/wp-content\/uploads\/2024\/01\/exel-handidet.jpg\" class=\"attachment-large size-large wp-image-48423\" alt=\"\" srcset=\"https:\/\/www.ankanitro.com.tr\/wp-content\/uploads\/2024\/01\/exel-handidet.jpg 1024w, https:\/\/www.ankanitro.com.tr\/wp-content\/uploads\/2024\/01\/exel-handidet-300x225.jpg 300w, https:\/\/www.ankanitro.com.tr\/wp-content\/uploads\/2024\/01\/exel-handidet-768x576.jpg 768w\" sizes=\"(max-width: 1024px) 100vw, 1024px\" \/>\t\t\t\t\t\t\t\t\t\t\t\t\t\t\t<\/div>\n\t\t\t\t<\/div>\n\t\t\t\t<\/div>\n\t\t<div class=\"elementor-element elementor-element-2e5821f e-con-full e-flex e-con e-child\" data-id=\"2e5821f\" data-element_type=\"container\" data-settings=\"{&quot;content_width&quot;:&quot;full&quot;}\">\n\t\t\t\t<div class=\"elementor-element elementor-element-0de7661 elementor-widget elementor-widget-text-editor\" data-id=\"0de7661\" data-element_type=\"widget\" data-widget_type=\"text-editor.default\">\n\t\t\t\t<div class=\"elementor-widget-container\">\n\t\t\t<style>\/*! elementor - v3.18.0 - 20-12-2023 *\/\n.elementor-widget-text-editor.elementor-drop-cap-view-stacked .elementor-drop-cap{background-color:#69727d;color:#fff}.elementor-widget-text-editor.elementor-drop-cap-view-framed .elementor-drop-cap{color:#69727d;border:3px solid;background-color:transparent}.elementor-widget-text-editor:not(.elementor-drop-cap-view-default) .elementor-drop-cap{margin-top:8px}.elementor-widget-text-editor:not(.elementor-drop-cap-view-default) .elementor-drop-cap-letter{width:1em;height:1em}.elementor-widget-text-editor .elementor-drop-cap{float:left;text-align:center;line-height:1;font-size:50px}.elementor-widget-text-editor .elementor-drop-cap-letter{display:inline-block}<\/style>\t\t\t\t<p>Handidet, deliki\u00e7i kaps\u00fcl\u00fc ve y\u00fczey gecikme eleman\u0131n\u0131 bir arada bulunduran elektriksiz (non-electric) kaps\u00fcl sistemidir. Boru hatt\u0131, kanal kaz\u0131s\u0131, ta\u015f ocaklar\u0131, a\u00e7\u0131k i\u015fletmeler ve in\u015faat \u00e7al\u0131\u015fmalar\u0131nda kullan\u0131l\u0131r. Delikler aras\u0131 ba\u011flant\u0131s\u0131 ve kontrol\u00fc kolayd\u0131r. Delik i\u00e7inde ve y\u00fczeyde tam do\u011frulukla gecikme sa\u011flar.<\/p><h3><span>\u00d6ZELL\u0130KLER\u0130<\/span><\/h3><p>Deliki\u00e7i kaps\u00fcl ve y\u00fczey gecikme elaman\u0131 bir aradad\u0131r.Gecikme s\u00fcresi tam do\u011fruluktad\u0131r. Ba\u011flant\u0131s\u0131 h\u0131zl\u0131 ve basittir. Kolayl\u0131kla fark edilebilir g\u00f6r\u00fcn\u00fcmdedir. Kopma ve s\u00fcrt\u00fcnmeye kar\u015f\u0131 \u00e7ok dayan\u0131kl\u0131d\u0131r. Her t\u00fcrl\u00fc s\u0131cak ve so\u011fuk hava ko\u015fullar\u0131nda kullan\u0131l\u0131r. Kulllan\u0131m kolayl\u0131\u011f\u0131 sa\u011flayan 8 say\u0131s\u0131 \u015feklinde sar\u0131lm\u0131\u015ft\u0131r.<\/p><h3><span>FAYDALARI<\/span><\/h3><p>Stok \u00e7e\u015fitlili\u011fini azalt\u0131r. Patlama \u00f6ncesi dizayn de\u011fi\u015fiklikleri yap\u0131labilir. M\u00fckemmel at\u0131m kontrol\u00fc h\u0131zl\u0131d\u0131r. Her t\u00fcrl\u00fc hava ko\u015fullar\u0131nda kullan\u0131l\u0131r. D\u00fc\u011f\u00fcmlenme ve kar\u0131\u015f\u0131kl\u0131k meydana gelmez. \u0130\u015fletme maliyetlerini azalt\u0131r.<\/p>\t\t\t\t\t\t<\/div>\n\t\t\t\t<\/div>\n\t\t\t\t<\/div>\n\t\t\t\t\t<\/div>\n\t\t\t\t<\/div>\n\t\t<div class=\"elementor-element elementor-element-250c28a e-flex e-con-boxed e-con e-parent\" data-id=\"250c28a\" data-element_type=\"container\" data-settings=\"{&quot;content_width&quot;:&quot;boxed&quot;}\" data-core-v316-plus=\"true\">\n\t\t\t\t\t<div class=\"e-con-inner\">\n\t\t\t\t<div class=\"elementor-element elementor-element-57ca721 elementor-tabs-view-horizontal elementor-widget elementor-widget-tabs\" data-id=\"57ca721\" data-element_type=\"widget\" data-widget_type=\"tabs.default\">\n\t\t\t\t<div class=\"elementor-widget-container\">\n\t\t\t<style>\/*! elementor - v3.18.0 - 20-12-2023 *\/\n.elementor-widget-tabs.elementor-tabs-view-vertical .elementor-tabs-wrapper{width:25%;flex-shrink:0}.elementor-widget-tabs.elementor-tabs-view-vertical .elementor-tab-desktop-title.elementor-active{border-right-style:none}.elementor-widget-tabs.elementor-tabs-view-vertical .elementor-tab-desktop-title.elementor-active:after,.elementor-widget-tabs.elementor-tabs-view-vertical .elementor-tab-desktop-title.elementor-active:before{height:999em;width:0;right:0;border-right-style:solid}.elementor-widget-tabs.elementor-tabs-view-vertical .elementor-tab-desktop-title.elementor-active:before{top:0;transform:translateY(-100%)}.elementor-widget-tabs.elementor-tabs-view-vertical .elementor-tab-desktop-title.elementor-active:after{top:100%}.elementor-widget-tabs.elementor-tabs-view-horizontal .elementor-tab-desktop-title{display:table-cell}.elementor-widget-tabs.elementor-tabs-view-horizontal .elementor-tab-desktop-title.elementor-active{border-bottom-style:none}.elementor-widget-tabs.elementor-tabs-view-horizontal .elementor-tab-desktop-title.elementor-active:after,.elementor-widget-tabs.elementor-tabs-view-horizontal .elementor-tab-desktop-title.elementor-active:before{bottom:0;height:0;width:999em;border-bottom-style:solid}.elementor-widget-tabs.elementor-tabs-view-horizontal .elementor-tab-desktop-title.elementor-active:before{right:100%}.elementor-widget-tabs.elementor-tabs-view-horizontal .elementor-tab-desktop-title.elementor-active:after{left:100%}.elementor-widget-tabs .elementor-tab-content,.elementor-widget-tabs .elementor-tab-title,.elementor-widget-tabs .elementor-tab-title:after,.elementor-widget-tabs .elementor-tab-title:before,.elementor-widget-tabs .elementor-tabs-content-wrapper{border:1px #d5d8dc}.elementor-widget-tabs .elementor-tabs{text-align:left}.elementor-widget-tabs .elementor-tabs-wrapper{overflow:hidden}.elementor-widget-tabs .elementor-tab-title{cursor:pointer;outline:var(--focus-outline,none)}.elementor-widget-tabs .elementor-tab-desktop-title{position:relative;padding:20px 25px;font-weight:700;line-height:1;border:solid transparent}.elementor-widget-tabs .elementor-tab-desktop-title.elementor-active{border-color:#d5d8dc}.elementor-widget-tabs .elementor-tab-desktop-title.elementor-active:after,.elementor-widget-tabs .elementor-tab-desktop-title.elementor-active:before{display:block;content:\"\";position:absolute}.elementor-widget-tabs .elementor-tab-desktop-title:focus-visible{border:1px solid #000}.elementor-widget-tabs .elementor-tab-mobile-title{padding:10px;cursor:pointer}.elementor-widget-tabs .elementor-tab-content{padding:20px;display:none}@media (max-width:767px){.elementor-tabs .elementor-tab-content,.elementor-tabs .elementor-tab-title{border-style:solid solid none}.elementor-tabs .elementor-tabs-wrapper{display:none}.elementor-tabs .elementor-tabs-content-wrapper{border-bottom-style:solid}.elementor-tabs .elementor-tab-content{padding:10px}}@media (min-width:768px){.elementor-widget-tabs.elementor-tabs-view-vertical .elementor-tabs{display:flex}.elementor-widget-tabs.elementor-tabs-view-vertical .elementor-tabs-wrapper{flex-direction:column}.elementor-widget-tabs.elementor-tabs-view-vertical .elementor-tabs-content-wrapper{flex-grow:1;border-style:solid solid solid none}.elementor-widget-tabs.elementor-tabs-view-horizontal .elementor-tab-content{border-style:none solid solid}.elementor-widget-tabs.elementor-tabs-alignment-center .elementor-tabs-wrapper,.elementor-widget-tabs.elementor-tabs-alignment-end .elementor-tabs-wrapper,.elementor-widget-tabs.elementor-tabs-alignment-stretch .elementor-tabs-wrapper{display:flex}.elementor-widget-tabs.elementor-tabs-alignment-center .elementor-tabs-wrapper{justify-content:center}.elementor-widget-tabs.elementor-tabs-alignment-end .elementor-tabs-wrapper{justify-content:flex-end}.elementor-widget-tabs.elementor-tabs-alignment-stretch.elementor-tabs-view-horizontal .elementor-tab-title{width:100%}.elementor-widget-tabs.elementor-tabs-alignment-stretch.elementor-tabs-view-vertical .elementor-tab-title{height:100%}.elementor-tabs .elementor-tab-mobile-title{display:none}}<\/style>\t\t<div class=\"elementor-tabs\">\n\t\t\t<div class=\"elementor-tabs-wrapper\" role=\"tablist\" >\n\t\t\t\t\t\t\t\t\t<div id=\"elementor-tab-title-9201\" class=\"elementor-tab-title elementor-tab-desktop-title\" aria-selected=\"true\" data-tab=\"1\" role=\"tab\" tabindex=\"0\" aria-controls=\"elementor-tab-content-9201\" aria-expanded=\"false\">Depolama ve Ta\u015f\u0131ma<\/div>\n\t\t\t\t\t\t\t\t\t<div id=\"elementor-tab-title-9202\" class=\"elementor-tab-title elementor-tab-desktop-title\" aria-selected=\"false\" data-tab=\"2\" role=\"tab\" tabindex=\"-1\" aria-controls=\"elementor-tab-content-9202\" aria-expanded=\"false\">Ta\u015f\u0131ma ve Ate\u015fleme<\/div>\n\t\t\t\t\t\t\t\t\t<div id=\"elementor-tab-title-9203\" class=\"elementor-tab-title elementor-tab-desktop-title\" aria-selected=\"false\" data-tab=\"3\" role=\"tab\" tabindex=\"-1\" aria-controls=\"elementor-tab-content-9203\" aria-expanded=\"false\">Ambalaj<\/div>\n\t\t\t\t\t\t\t<\/div>\n\t\t\t<div class=\"elementor-tabs-content-wrapper\" role=\"tablist\" aria-orientation=\"vertical\">\n\t\t\t\t\t\t\t\t\t<div class=\"elementor-tab-title elementor-tab-mobile-title\" aria-selected=\"true\" data-tab=\"1\" role=\"tab\" tabindex=\"0\" aria-controls=\"elementor-tab-content-9201\" aria-expanded=\"false\">Depolama ve Ta\u015f\u0131ma<\/div>\n\t\t\t\t\t<div id=\"elementor-tab-content-9201\" class=\"elementor-tab-content elementor-clearfix\" data-tab=\"1\" role=\"tabpanel\" aria-labelledby=\"elementor-tab-title-9201\" tabindex=\"0\" hidden=\"false\"><p>Kuru, iyi havaland\u0131r\u0131lm\u0131\u015f, 87\/12028 say\u0131l\u0131 t\u00fcz\u00fck h\u00fck\u00fcmlerine uygun depolarda depolanmal\u0131d\u0131r.<\/p><p>Detonator Assemblies, Nonelectric.<br \/>S\u0131n\u0131f 1.1 B UN 0360, PG II<br \/>Avrupa Standard\u0131nda 1. s\u0131n\u0131f kalitede.<\/p><p><\/p><\/div>\n\t\t\t\t\t\t\t\t\t<div class=\"elementor-tab-title elementor-tab-mobile-title\" aria-selected=\"false\" data-tab=\"2\" role=\"tab\" tabindex=\"-1\" aria-controls=\"elementor-tab-content-9202\" aria-expanded=\"false\">Ta\u015f\u0131ma ve Ate\u015fleme<\/div>\n\t\t\t\t\t<div id=\"elementor-tab-content-9202\" class=\"elementor-tab-content elementor-clearfix\" data-tab=\"2\" role=\"tabpanel\" aria-labelledby=\"elementor-tab-title-9202\" tabindex=\"0\" hidden=\"hidden\"><p>Yemleme hari\u00e7 delik i\u00e7ine di\u011fer malzemeleri sark\u0131tmak i\u00e7in kullanmay\u0131n\u0131z. Delik dolumu ve s\u0131k\u0131lama s\u0131ras\u0131nda \u015fok t\u00fcpe hasar vermeyiniz. Kesinlikle \u00e7ok sert as\u0131lmay\u0131n\u0131z ve kopartmay\u0131n\u0131z. Aksi takdirde beklenmedik ate\u015fleme meydana gelebilir. Handidet kaps\u00fcl sistemi tek y\u00f6nl\u00fcd\u00fcr.<\/p><p>Ate\u015fleme a\u015fa\u011f\u0131daki y\u00f6ntemlerle yap\u0131labilir.<\/p><ul><li>\u2022\u00a0Di\u011fer Handidet y\u00fczey ba\u011flant\u0131 eleman\u0131<\/li><li>\u2022 Handistart elektrikli ate\u015fleme sistemi<\/li><li>\u2022 Orica \u00fcr\u00fcn\u00fc di\u011fer \u015fok t\u00fcp y\u00fczey gecikme sistemi<\/li><\/ul><p>Not: Y\u00fczey ba\u011flant\u0131 blo\u011fu patlay\u0131c\u0131 madde i\u00e7erdi\u011finden \u0131s\u0131, darbe veya s\u00fcrt\u00fcnme yoluyla patlayabilir. Bu blok infilakl\u0131 fitili ate\u015flemek \u00fczere dizayn edilmemi\u015ftir.<\/p><\/div>\n\t\t\t\t\t\t\t\t\t<div class=\"elementor-tab-title elementor-tab-mobile-title\" aria-selected=\"false\" data-tab=\"3\" role=\"tab\" tabindex=\"-1\" aria-controls=\"elementor-tab-content-9203\" aria-expanded=\"false\">Ambalaj<\/div>\n\t\t\t\t\t<div id=\"elementor-tab-content-9203\" class=\"elementor-tab-content elementor-clearfix\" data-tab=\"3\" role=\"tabpanel\" aria-labelledby=\"elementor-tab-title-9203\" tabindex=\"0\" hidden=\"hidden\"><div class=\"top_content\"><div class=\"main_content_container cwidth_container\"><div class=\"main_content_wrapper cwidth_wrapper\"><div class=\"main_content cwidth\"><div class=\"col-1-1\"><div class=\"col\"><div class=\"grid\"><div class=\"col-content\"><div class=\"col\"><div class=\"portfolio-single-1_container main_column\"><div class=\"portfolio-single-1_wrapper\"><div class=\"portfolio-single-1 content_cols_eq\"><div class=\"grid\"><div class=\"col-1-1\"><div class=\"col\"><div class=\"tb_tabs clearfix\"><div class=\"tb_tabs_items\"><div class=\"tb_tabs_item_content clearfix\"><p>Handidet kaps\u00fcl sistemi 8 say\u0131s\u0131 \u015feklinde sar\u0131lm\u0131\u015f ve Antistatik PE torbalar i\u00e7inde mukavva kutularda.<\/p><\/div><\/div><\/div><\/div><\/div><\/div><\/div><\/div><\/div><\/div><\/div><\/div><\/div><\/div><\/div><\/div><\/div><\/div><\/div>\n\t\t\t\t\t\t\t<\/div>\n\t\t<\/div>\n\t\t\t\t<\/div>\n\t\t\t\t<\/div>\n\t\t\t\t\t<\/div>\n\t\t\t\t<\/div>\n\t\t\t\t\t\t\t<\/div>\n\t\t","protected":false},"excerpt":{"rendered":"<p>Handidet, deliki\u00e7i kaps\u00fcl\u00fc ve y\u00fczey gecikme eleman\u0131n\u0131 bir arada bulunduran elektriksiz (non-electric) kaps\u00fcl sistemidir. Boru hatt\u0131, kanal kaz\u0131s\u0131, ta\u015f ocaklar\u0131,&#8230;<\/p>\n","protected":false},"author":1,"featured_media":48423,"parent":48152,"menu_order":0,"comment_status":"closed","ping_status":"closed","template":"","meta":{"footnotes":""},"class_list":["post-48283","page","type-page","status-publish","has-post-thumbnail","hentry"],"_links":{"self":[{"href":"https:\/\/www.ankanitro.com.tr\/index.php\/wp-json\/wp\/v2\/pages\/48283","targetHints":{"allow":["GET"]}}],"collection":[{"href":"https:\/\/www.ankanitro.com.tr\/index.php\/wp-json\/wp\/v2\/pages"}],"about":[{"href":"https:\/\/www.ankanitro.com.tr\/index.php\/wp-json\/wp\/v2\/types\/page"}],"author":[{"embeddable":true,"href":"https:\/\/www.ankanitro.com.tr\/index.php\/wp-json\/wp\/v2\/users\/1"}],"replies":[{"embeddable":true,"href":"https:\/\/www.ankanitro.com.tr\/index.php\/wp-json\/wp\/v2\/comments?post=48283"}],"version-history":[{"count":8,"href":"https:\/\/www.ankanitro.com.tr\/index.php\/wp-json\/wp\/v2\/pages\/48283\/revisions"}],"predecessor-version":[{"id":48427,"href":"https:\/\/www.ankanitro.com.tr\/index.php\/wp-json\/wp\/v2\/pages\/48283\/revisions\/48427"}],"up":[{"embeddable":true,"href":"https:\/\/www.ankanitro.com.tr\/index.php\/wp-json\/wp\/v2\/pages\/48152"}],"wp:featuredmedia":[{"embeddable":true,"href":"https:\/\/www.ankanitro.com.tr\/index.php\/wp-json\/wp\/v2\/media\/48423"}],"wp:attachment":[{"href":"https:\/\/www.ankanitro.com.tr\/index.php\/wp-json\/wp\/v2\/media?parent=48283"}],"curies":[{"name":"wp","href":"https:\/\/api.w.org\/{rel}","templated":true}]}}