{"id":48289,"date":"2024-01-09T16:30:21","date_gmt":"2024-01-09T13:30:21","guid":{"rendered":"https:\/\/www.simgeasansor.com.tr\/ankanitro\/?page_id=48289"},"modified":"2024-01-09T17:50:19","modified_gmt":"2024-01-09T14:50:19","slug":"edev-ii-elektronik-tunel-patlatma-sistemi","status":"publish","type":"page","link":"https:\/\/www.ankanitro.com.tr\/index.php\/urunler\/8-nolu-tahrip-kapsulleri\/edev-ii-elektronik-tunel-patlatma-sistemi\/","title":{"rendered":"eDev II Elektronik T\u00fcnel Patlatma Sistemi"},"content":{"rendered":"\t\t<div data-elementor-type=\"wp-page\" data-elementor-id=\"48289\" class=\"elementor elementor-48289\" data-elementor-post-type=\"page\">\n\t\t\t\t\t\t\t<div class=\"elementor-element elementor-element-59c5524 e-flex e-con-boxed e-con e-parent\" data-id=\"59c5524\" data-element_type=\"container\" data-settings=\"{&quot;content_width&quot;:&quot;boxed&quot;}\" data-core-v316-plus=\"true\">\n\t\t\t\t\t<div class=\"e-con-inner\">\n\t\t<div class=\"elementor-element elementor-element-1d11d81 e-con-full e-flex e-con e-child\" data-id=\"1d11d81\" data-element_type=\"container\" data-settings=\"{&quot;content_width&quot;:&quot;full&quot;}\">\n\t\t\t\t<div class=\"elementor-element elementor-element-617e084 elementor-widget elementor-widget-image\" data-id=\"617e084\" data-element_type=\"widget\" data-widget_type=\"image.default\">\n\t\t\t\t<div class=\"elementor-widget-container\">\n\t\t\t<style>\/*! elementor - v3.18.0 - 20-12-2023 *\/\n.elementor-widget-image{text-align:center}.elementor-widget-image a{display:inline-block}.elementor-widget-image a img[src$=\".svg\"]{width:48px}.elementor-widget-image img{vertical-align:middle;display:inline-block}<\/style>\t\t\t\t\t\t\t\t\t\t\t\t<img fetchpriority=\"high\" decoding=\"async\" width=\"500\" height=\"375\" src=\"https:\/\/www.ankanitro.com.tr\/wp-content\/uploads\/2024\/01\/edev-2-elektronik-tunel-patlatma-sistemi_500x0.jpg\" class=\"attachment-large size-large wp-image-48408\" alt=\"\" srcset=\"https:\/\/www.ankanitro.com.tr\/wp-content\/uploads\/2024\/01\/edev-2-elektronik-tunel-patlatma-sistemi_500x0.jpg 500w, https:\/\/www.ankanitro.com.tr\/wp-content\/uploads\/2024\/01\/edev-2-elektronik-tunel-patlatma-sistemi_500x0-300x225.jpg 300w\" sizes=\"(max-width: 500px) 100vw, 500px\" \/>\t\t\t\t\t\t\t\t\t\t\t\t\t\t\t<\/div>\n\t\t\t\t<\/div>\n\t\t\t\t<\/div>\n\t\t<div class=\"elementor-element elementor-element-66f6c03 e-con-full e-flex e-con e-child\" data-id=\"66f6c03\" data-element_type=\"container\" data-settings=\"{&quot;content_width&quot;:&quot;full&quot;}\">\n\t\t\t\t<div class=\"elementor-element elementor-element-b97ab57 elementor-widget elementor-widget-text-editor\" data-id=\"b97ab57\" data-element_type=\"widget\" data-widget_type=\"text-editor.default\">\n\t\t\t\t<div class=\"elementor-widget-container\">\n\t\t\t<style>\/*! elementor - v3.18.0 - 20-12-2023 *\/\n.elementor-widget-text-editor.elementor-drop-cap-view-stacked .elementor-drop-cap{background-color:#69727d;color:#fff}.elementor-widget-text-editor.elementor-drop-cap-view-framed .elementor-drop-cap{color:#69727d;border:3px solid;background-color:transparent}.elementor-widget-text-editor:not(.elementor-drop-cap-view-default) .elementor-drop-cap{margin-top:8px}.elementor-widget-text-editor:not(.elementor-drop-cap-view-default) .elementor-drop-cap-letter{width:1em;height:1em}.elementor-widget-text-editor .elementor-drop-cap{float:left;text-align:center;line-height:1;font-size:50px}.elementor-widget-text-editor .elementor-drop-cap-letter{display:inline-block}<\/style>\t\t\t\t<p>eDev\u2122 II Elektronik T\u00fcnel Patlatma Sistemi, Orica\u2019n\u0131n yeni nesil \u00fcr\u00fcnlerinden biridir. Bu sistem, eDev\u2122 II elektronik kaps\u00fcl, ate\u015fleme kutusu (610), taray\u0131c\u0131 (120\/125\/260), test cihaz\u0131 ve dubleks ba\u011flant\u0131 kablosu ile birlikte kullan\u0131l\u0131r.<\/p><h3><span>Uygulama Alan\u0131 ve Faydalar\u0131<\/span><\/h3><p>eDev\u2122 II sistemi \u00f6zellikle t\u00fcnel uygulamalar\u0131nda kullan\u0131lmak i\u00e7in tasarlanm\u0131\u015ft\u0131r.<\/p><p>eDev\u2122 II Elektronik Kaps\u00fcller ile yap\u0131lan patlatma uygulamalar\u0131nda minimum titre\u015fim sa\u011flan\u0131r ve fazla kaz\u0131n\u0131n (overbreak) \u00f6n\u00fcne ge\u00e7ilir.<\/p><p>eDev\u2122 II Elektronik Kaps\u00fcller ile yap\u0131lan patlatma uygulamalar\u0131nda patlatma ba\u015f\u0131na ilerleme (advance) art\u0131r\u0131l\u0131r.<\/p><p>eDev\u2122 II Elektronik Kaps\u00fcller 1 ms art\u0131\u015flarla 20.000 ms ye kadar programlanabilir.<\/p><p>Kuru, iyi havaland\u0131r\u0131lan depolarda, 87\/12028 say\u0131l\u0131 t\u00fcz\u00fck h\u00fck\u00fcmlerine uygun olarak depolanmal\u0131d\u0131r.<\/p><p>S\u0131n\u0131f 1.1 B, UN. No.0030<\/p><p>S\u0131n\u0131f 1.4 S, UN. No.0456<\/p>\t\t\t\t\t\t<\/div>\n\t\t\t\t<\/div>\n\t\t\t\t<\/div>\n\t\t\t\t\t<\/div>\n\t\t\t\t<\/div>\n\t\t\t\t\t\t\t<\/div>\n\t\t","protected":false},"excerpt":{"rendered":"<p>eDev\u2122 II Elektronik T\u00fcnel Patlatma Sistemi, Orica\u2019n\u0131n yeni nesil \u00fcr\u00fcnlerinden biridir. Bu sistem, eDev\u2122 II elektronik kaps\u00fcl, ate\u015fleme kutusu (610),&#8230;<\/p>\n","protected":false},"author":1,"featured_media":48408,"parent":48152,"menu_order":0,"comment_status":"closed","ping_status":"closed","template":"","meta":{"footnotes":""},"class_list":["post-48289","page","type-page","status-publish","has-post-thumbnail","hentry"],"_links":{"self":[{"href":"https:\/\/www.ankanitro.com.tr\/index.php\/wp-json\/wp\/v2\/pages\/48289","targetHints":{"allow":["GET"]}}],"collection":[{"href":"https:\/\/www.ankanitro.com.tr\/index.php\/wp-json\/wp\/v2\/pages"}],"about":[{"href":"https:\/\/www.ankanitro.com.tr\/index.php\/wp-json\/wp\/v2\/types\/page"}],"author":[{"embeddable":true,"href":"https:\/\/www.ankanitro.com.tr\/index.php\/wp-json\/wp\/v2\/users\/1"}],"replies":[{"embeddable":true,"href":"https:\/\/www.ankanitro.com.tr\/index.php\/wp-json\/wp\/v2\/comments?post=48289"}],"version-history":[{"count":8,"href":"https:\/\/www.ankanitro.com.tr\/index.php\/wp-json\/wp\/v2\/pages\/48289\/revisions"}],"predecessor-version":[{"id":48412,"href":"https:\/\/www.ankanitro.com.tr\/index.php\/wp-json\/wp\/v2\/pages\/48289\/revisions\/48412"}],"up":[{"embeddable":true,"href":"https:\/\/www.ankanitro.com.tr\/index.php\/wp-json\/wp\/v2\/pages\/48152"}],"wp:featuredmedia":[{"embeddable":true,"href":"https:\/\/www.ankanitro.com.tr\/index.php\/wp-json\/wp\/v2\/media\/48408"}],"wp:attachment":[{"href":"https:\/\/www.ankanitro.com.tr\/index.php\/wp-json\/wp\/v2\/media?parent=48289"}],"curies":[{"name":"wp","href":"https:\/\/api.w.org\/{rel}","templated":true}]}}